{"id":241,"date":"2011-03-05T15:25:26","date_gmt":"2011-03-05T14:25:26","guid":{"rendered":"http:\/\/www.widemann.net\/wp-fr\/?page_id=241"},"modified":"2019-10-06T14:57:48","modified_gmt":"2019-10-06T13:57:48","slug":"aliaskeys","status":"publish","type":"page","link":"https:\/\/widemann.net\/wp-fr\/aliaskeys\/","title":{"rendered":"AliasKeys"},"content":{"rendered":"<p><img loading=\"lazy\" decoding=\"async\" class=\"alignright wp-image-243\" title=\"AliasKeys interface\" src=\"http:\/\/www.widemann.net\/wp-fr\/wp-content\/uploads\/2011\/03\/ak2.jpg\" alt=\"AliasKeys interface\" width=\"364\" height=\"268\" srcset=\"https:\/\/widemann.net\/wp-fr\/wp-content\/uploads\/2011\/03\/ak2.jpg 397w, https:\/\/widemann.net\/wp-fr\/wp-content\/uploads\/2011\/03\/ak2-300x220.jpg 300w\" sizes=\"auto, (max-width: 364px) 85vw, 364px\" \/><strong><span style=\"color: #ff0000;\">AliasKeys est incompatible avec MacOS X 10.15 &#8220;Catalina&#8221;.<\/span> <a href=\"https:\/\/widemann.net\/wp-fr\/the-imminent-death-of-aliaskeys\/\">Voir ici pour plus d&#8217;informations<\/a>.<\/strong><\/p>\n<p>&nbsp;<\/p>\n<p><strong>AliasKeys permet d\u2019assigner des raccourcis pour ouvrir des fichiers et des dossiers.<\/strong> Tout \u00e9l\u00e9ment visible sur le Finder peut \u00eatre gliss\u00e9 dans la liste des raccourcis et se voir assigner une combinaison de touches, qui servira \u00e0 l\u2019ouvrir sans toucher la souris. Cr\u00e9ez des \u201caliaskeys\u201d pour les applications, les documents, les dossiers, les alias, les panneaux de pr\u00e9f\u00e9rences, les serveurs, les scripts&#8230; ou m\u00eame les pages web\u00a0!<\/p>\n<p>La frappe des touches provoque l\u2019ouverture imm\u00e9diate de l\u2019\u00e9l\u00e9ment correspondant, comme le ferait un double clic sur son ic\u00f4ne. AliasKeys est essentiellement aussi simple que \u00e7a, tr\u00e8s facile \u00e0 prendre en main.<\/p>\n<p>AliasKeys n\u00e9cessite Mac OS X 10.4 au minimum et fonctionne parfaitement sous 10.11. L\u2019application est optimis\u00e9e en \u201cUniversal Binary\u201d pour s\u2019ex\u00e9cuter aussi bien sur les Macintosh PowerPC que sur les Macintosh Intel. Disponible en fran\u00e7ais, anglais et japonais, AliasKeys est enti\u00e8rement compatible avec le texte Unicode et peut \u00eatre utilis\u00e9 dans toutes les langues.<\/p>\n<div class=\"download-wrapper\">\n<table>\n<tbody>\n<tr>\n<td style=\"text-align: center;\"><img decoding=\"async\" src=\"http:\/\/www.widemann.net\/wp-fr\/wp-content\/uploads\/2011\/03\/aklogo1.jpg\" alt=\"AliasKeys\" \/><a href=\"http:\/\/www.widemann.net\/download\/aliaskeys12.dmg\"><br \/>\nT\u00e9l\u00e9charger AliasKeys<\/a><\/td>\n<td><span style=\"color: #808080;\">Version :<\/span> 1.2<br \/>\n<span style=\"color: #808080;\">Taille de l\u2019archive :<\/span> 1,2 Mo<br \/>\n<span style=\"color: #808080;\">Syst\u00e8me requis :<\/span> Mac OS X 10.4 ou plus<br \/>\n\u201cUniversal Binary\u201d, compatible MacOS 10.12.<br \/>\n<span style=\"color: #808080;\">Langues incluses :<\/span> fran\u00e7ais, anglais, japonais.<br \/>\n<span style=\"color: #808080;\">D\u00e9sinstalleur inclus :<\/span> oui<br \/>\n<span style=\"color: #808080;\">Prix :<\/span> $15 <em>(environ 15\u00a0\u20ac selon le taux de change)<br \/>\n<\/em><span style=\"color: #808080;\">P\u00e9riode d\u2019essai :<\/span><span style=\"font-family: inherit; font-size: inherit;\"> 1 mois, sans limitation des fonctionnalit\u00e9s.<\/span><\/td>\n<\/tr>\n<\/tbody>\n<\/table>\n<\/div>\n","protected":false},"excerpt":{"rendered":"<p>AliasKeys est incompatible avec MacOS X 10.15 &#8220;Catalina&#8221;. Voir ici pour plus d&#8217;informations. &nbsp; AliasKeys permet d\u2019assigner des raccourcis pour ouvrir des fichiers et des dossiers. Tout \u00e9l\u00e9ment visible sur le Finder peut \u00eatre gliss\u00e9 dans la liste des raccourcis et se voir assigner une combinaison de touches, qui servira \u00e0 l\u2019ouvrir sans toucher la &hellip; <a href=\"https:\/\/widemann.net\/wp-fr\/aliaskeys\/\" class=\"more-link\">Continue reading<span class=\"screen-reader-text\"> &#8220;AliasKeys&#8221;<\/span><\/a><\/p>\n","protected":false},"author":1,"featured_media":0,"parent":0,"menu_order":0,"comment_status":"closed","ping_status":"open","template":"","meta":{"footnotes":""},"class_list":["post-241","page","type-page","status-publish","hentry"],"_links":{"self":[{"href":"https:\/\/widemann.net\/wp-fr\/wp-json\/wp\/v2\/pages\/241","targetHints":{"allow":["GET"]}}],"collection":[{"href":"https:\/\/widemann.net\/wp-fr\/wp-json\/wp\/v2\/pages"}],"about":[{"href":"https:\/\/widemann.net\/wp-fr\/wp-json\/wp\/v2\/types\/page"}],"author":[{"embeddable":true,"href":"https:\/\/widemann.net\/wp-fr\/wp-json\/wp\/v2\/users\/1"}],"replies":[{"embeddable":true,"href":"https:\/\/widemann.net\/wp-fr\/wp-json\/wp\/v2\/comments?post=241"}],"version-history":[{"count":10,"href":"https:\/\/widemann.net\/wp-fr\/wp-json\/wp\/v2\/pages\/241\/revisions"}],"predecessor-version":[{"id":1652,"href":"https:\/\/widemann.net\/wp-fr\/wp-json\/wp\/v2\/pages\/241\/revisions\/1652"}],"wp:attachment":[{"href":"https:\/\/widemann.net\/wp-fr\/wp-json\/wp\/v2\/media?parent=241"}],"curies":[{"name":"wp","href":"https:\/\/api.w.org\/{rel}","templated":true}]}}