{"id":204,"date":"2011-03-04T22:11:01","date_gmt":"2011-03-04T21:11:01","guid":{"rendered":"http:\/\/www.widemann.net\/wp-fr\/?page_id=204"},"modified":"2022-12-11T17:59:39","modified_gmt":"2022-12-11T16:59:39","slug":"archives","status":"publish","type":"page","link":"https:\/\/widemann.net\/wp-fr\/archives\/","title":{"rendered":"Archives"},"content":{"rendered":"<p>Ces programmes ne sont plus diffus\u00e9s, ni \u201csupport\u00e9s\u201d.<\/p>\n<ul>\n<li>GWrite<\/li>\n<li>AliasMenu<\/li>\n<li>RapidScript<\/li>\n<li>RapidCal<\/li>\n<li>Umbrella<\/li>\n<li>Carnet (JoliPhone)<\/li>\n<li><a href=\"https:\/\/widemann.net\/wp-fr\/aliaskeys\/\">AliasKeys<\/a><\/li>\n<\/ul>\n<p>Si vous souhaitez r\u00e9cup\u00e9rer des donn\u00e9es dans un fichier Carnet\/JoliPhone, utilisez l\u2019utilitaire de conversion <a href=\"http:\/\/www.widemann.net\/download\/carnetconv11.dmg\">CarnetConvert<\/a> <em>(.dmg, 119 Ko)<\/em> qui le convertira en vCards, que vous pourrez importer dans le carnet d\u2019adresses de Mac OS X.<\/p>\n","protected":false},"excerpt":{"rendered":"<p>Ces programmes ne sont plus diffus\u00e9s, ni \u201csupport\u00e9s\u201d. GWrite AliasMenu RapidScript RapidCal Umbrella Carnet (JoliPhone) AliasKeys Si vous souhaitez r\u00e9cup\u00e9rer des donn\u00e9es dans un fichier Carnet\/JoliPhone, utilisez l\u2019utilitaire de conversion CarnetConvert (.dmg, 119 Ko) qui le convertira en vCards, que vous pourrez importer dans le carnet d\u2019adresses de Mac OS X.<\/p>\n","protected":false},"author":1,"featured_media":0,"parent":0,"menu_order":0,"comment_status":"closed","ping_status":"open","template":"","meta":{"footnotes":""},"class_list":["post-204","page","type-page","status-publish","hentry"],"_links":{"self":[{"href":"https:\/\/widemann.net\/wp-fr\/wp-json\/wp\/v2\/pages\/204","targetHints":{"allow":["GET"]}}],"collection":[{"href":"https:\/\/widemann.net\/wp-fr\/wp-json\/wp\/v2\/pages"}],"about":[{"href":"https:\/\/widemann.net\/wp-fr\/wp-json\/wp\/v2\/types\/page"}],"author":[{"embeddable":true,"href":"https:\/\/widemann.net\/wp-fr\/wp-json\/wp\/v2\/users\/1"}],"replies":[{"embeddable":true,"href":"https:\/\/widemann.net\/wp-fr\/wp-json\/wp\/v2\/comments?post=204"}],"version-history":[{"count":2,"href":"https:\/\/widemann.net\/wp-fr\/wp-json\/wp\/v2\/pages\/204\/revisions"}],"predecessor-version":[{"id":1815,"href":"https:\/\/widemann.net\/wp-fr\/wp-json\/wp\/v2\/pages\/204\/revisions\/1815"}],"wp:attachment":[{"href":"https:\/\/widemann.net\/wp-fr\/wp-json\/wp\/v2\/media?parent=204"}],"curies":[{"name":"wp","href":"https:\/\/api.w.org\/{rel}","templated":true}]}}