{"id":2,"date":"2011-02-26T15:12:20","date_gmt":"2011-02-26T15:12:20","guid":{"rendered":"http:\/\/www.widemann.net\/wp-fr\/?page_id=2"},"modified":"2026-01-30T18:13:17","modified_gmt":"2026-01-30T17:13:17","slug":"musique","status":"publish","type":"page","link":"https:\/\/widemann.net\/wp-fr\/musique\/","title":{"rendered":"Musique"},"content":{"rendered":"<h1>Discographie<\/h1>\n<div class=\"discBW discAlbums\">\n<h2>Albums :<\/h2>\n<table>\n<tbody>\n<tr>\n<td><a href=\"https:\/\/widemann.net\/wp-fr\/stress\/\"><img loading=\"lazy\" decoding=\"async\" width=\"250\" height=\"250\" class=\"size-full wp-image-1333 alignnone\" src=\"https:\/\/widemann.net\/wp-fr\/wp-content\/uploads\/2011\/02\/disc-bw-stress.jpg\" alt=\"\" srcset=\"https:\/\/widemann.net\/wp-fr\/wp-content\/uploads\/2011\/02\/disc-bw-stress.jpg 250w, https:\/\/widemann.net\/wp-fr\/wp-content\/uploads\/2011\/02\/disc-bw-stress-150x150.jpg 150w\" sizes=\"auto, (max-width: 250px) 85vw, 250px\" \/><\/a><br \/>\n<em>Stress !<\/em> <span class=\"discYear\">(1977)<\/span><\/td>\n<td><a href=\"https:\/\/widemann.net\/wp-fr\/tsunami\/\"><img loading=\"lazy\" decoding=\"async\" width=\"250\" height=\"250\" class=\"size-full wp-image-1334 alignnone\" src=\"https:\/\/widemann.net\/wp-fr\/wp-content\/uploads\/2011\/02\/disc-bw-tsunami.jpg\" alt=\"\" srcset=\"https:\/\/widemann.net\/wp-fr\/wp-content\/uploads\/2011\/02\/disc-bw-tsunami.jpg 250w, https:\/\/widemann.net\/wp-fr\/wp-content\/uploads\/2011\/02\/disc-bw-tsunami-150x150.jpg 150w\" sizes=\"auto, (max-width: 250px) 85vw, 250px\" \/><\/a><br \/>\n<em>Tsunami<\/em> <span class=\"discYear\">(1978)<\/span><\/td>\n<td><a href=\"https:\/\/widemann.net\/wp-fr\/3-2\/\"><img loading=\"lazy\" decoding=\"async\" width=\"250\" height=\"250\" class=\"alignnone size-full wp-image-1335\" src=\"https:\/\/widemann.net\/wp-fr\/wp-content\/uploads\/2011\/02\/disc-bw-3.jpg\" alt=\"\" srcset=\"https:\/\/widemann.net\/wp-fr\/wp-content\/uploads\/2011\/02\/disc-bw-3.jpg 250w, https:\/\/widemann.net\/wp-fr\/wp-content\/uploads\/2011\/02\/disc-bw-3-150x150.jpg 150w\" sizes=\"auto, (max-width: 250px) 85vw, 250px\" \/><\/a><br \/>\n<em>\u201c3\u201d<\/em> <span class=\"discYear\">(1982)<\/span><\/td>\n<\/tr>\n<\/tbody>\n<\/table>\n<\/div>\n<div class=\"discBW discAlbums\">\n<h2>Singles :<\/h2>\n<table>\n<tbody>\n<tr>\n<td><a href=\"https:\/\/widemann.net\/wp-fr\/seventh-sight-24\/\"><img decoding=\"async\" class=\"size-full wp-image-1333 alignnone\" src=\"https:\/\/widemann.net\/wp-fr\/wp-content\/uploads\/2024\/12\/a1174889069_10-300x300.jpg\" alt=\"\" \/><\/a><br \/>\n<em>Seventh Sight \u201924<\/em> <span class=\"discYear\">(2024)<\/span><\/td>\n<td><a href=\"https:\/\/widemann.net\/wp-fr\/new-release-careless\/\"><img decoding=\"async\" class=\"size-full wp-image-1333 alignnone\" src=\"https:\/\/widemann.net\/wp-fr\/wp-content\/uploads\/2025\/11\/Cover-v2.jpg\" alt=\"\" \/><\/a><br \/>\n<em>Careless<\/em> <span class=\"discYear\">(2025)<\/span><\/td>\n<td><a href=\"https:\/\/widemann.net\/wp-fr\/new-release-orbital-mode\/\"><img decoding=\"async\" class=\"size-full wp-image-1333 alignnone\" src=\"https:\/\/widemann.net\/wp-fr\/wp-content\/uploads\/2026\/01\/Orbital_Mode.jpg\" alt=\"\" \/><\/a><br \/>\n<em>Orbital Mode<\/em> <span class=\"discYear\">(2026)<\/span><\/td>\n<\/tr>\n<\/tbody>\n<\/table>\n<\/div>\n<div class=\"discAlbums\">\n<table>\n<tbody>\n<tr>\n<td><img loading=\"lazy\" decoding=\"async\" width=\"249\" height=\"250\" class=\"alignnone size-full wp-image-1341\" src=\"https:\/\/widemann.net\/wp-fr\/wp-content\/uploads\/2011\/02\/disc-magma-live.jpg\" alt=\"\" srcset=\"https:\/\/widemann.net\/wp-fr\/wp-content\/uploads\/2011\/02\/disc-magma-live.jpg 249w, https:\/\/widemann.net\/wp-fr\/wp-content\/uploads\/2011\/02\/disc-magma-live-150x150.jpg 150w\" sizes=\"auto, (max-width: 249px) 85vw, 249px\" \/><br \/>\nMagma,<br \/>\n<a title=\"D\u2019autres musiques\" href=\"https:\/\/www.widemann.net\/wp-fr\/?page_id=17\"><em>Hhai (Live)<\/em><\/a> <span class=\"discYear\">(1975)<\/span><\/td>\n<td><img loading=\"lazy\" decoding=\"async\" width=\"250\" height=\"250\" class=\"alignnone size-full wp-image-1343\" src=\"https:\/\/widemann.net\/wp-fr\/wp-content\/uploads\/2011\/02\/disc-magma-uduw.jpg\" alt=\"\" srcset=\"https:\/\/widemann.net\/wp-fr\/wp-content\/uploads\/2011\/02\/disc-magma-uduw.jpg 250w, https:\/\/widemann.net\/wp-fr\/wp-content\/uploads\/2011\/02\/disc-magma-uduw-150x150.jpg 150w\" sizes=\"auto, (max-width: 250px) 85vw, 250px\" \/><br \/>\nMagma,<br \/>\n<em>\u00dcd\u00fc \u1e80\u00fcd\u00fc<\/em> <span class=\"discYear\">(1976)<\/span><\/td>\n<td><img decoding=\"async\" src=\"https:\/\/widemann.net\/wp-fr\/wp-content\/uploads\/2011\/02\/disc-dan-douar.jpg\" alt=\"\" \/><br \/>\nDan ar Braz,<br \/>\n<em>Douar Nevez<\/em> <span class=\"discYear\">(1977)<\/span><\/td>\n<td><img loading=\"lazy\" decoding=\"async\" width=\"250\" height=\"250\" class=\"alignnone size-full wp-image-1344\" src=\"https:\/\/widemann.net\/wp-fr\/wp-content\/uploads\/2011\/02\/disc-magma-atta.jpg\" alt=\"\" srcset=\"https:\/\/widemann.net\/wp-fr\/wp-content\/uploads\/2011\/02\/disc-magma-atta.jpg 250w, https:\/\/widemann.net\/wp-fr\/wp-content\/uploads\/2011\/02\/disc-magma-atta-150x150.jpg 150w\" sizes=\"auto, (max-width: 250px) 85vw, 250px\" \/><br \/>\nMagma,<br \/>\n<em>Attahk<\/em> <span class=\"discYear\">(1977)<\/span><\/td>\n<\/tr>\n<tr>\n<td><img decoding=\"async\" src=\"https:\/\/widemann.net\/wp-fr\/wp-content\/uploads\/2011\/02\/disc-verto.jpg\" alt=\"\" \/><br \/>\nVerto,<br \/>\n<em>Reel 19.36<\/em> <span class=\"discYear\">(1978)<\/span><\/td>\n<td><img decoding=\"async\" src=\"https:\/\/widemann.net\/wp-fr\/wp-content\/uploads\/2011\/02\/disc-dan-allezdi.jpg\" alt=\"\" \/><br \/>\nDan ar Braz,<br \/>\n<em>Allez dire \u00e0 la ville<\/em> <span class=\"discYear\">(1978)<\/span><\/td>\n<td><img decoding=\"async\" src=\"https:\/\/widemann.net\/wp-fr\/wp-content\/uploads\/2011\/02\/disc-baglio.jpg\" alt=\"\" \/><br \/>\nClaudio Baglioni,<br \/>\n<em>E Tu Come Stai?<\/em> <span class=\"discYear\">(1978)<\/span><\/td>\n<td><img decoding=\"async\" src=\"https:\/\/widemann.net\/wp-fr\/wp-content\/uploads\/2011\/02\/disc-renau.jpg\" alt=\"\" \/><br \/>\nAlain Renaud &#8211; AR and Clones,<br \/>\n<em>Back and In Again<\/em> <span class=\"discYear\">(1978)<\/span><\/td>\n<\/tr>\n<tr>\n<td><img loading=\"lazy\" decoding=\"async\" width=\"250\" height=\"250\" class=\"alignnone size-full wp-image-1345\" src=\"https:\/\/widemann.net\/wp-fr\/wp-content\/uploads\/2011\/02\/disc-magma-ine.jpg\" alt=\"\" srcset=\"https:\/\/widemann.net\/wp-fr\/wp-content\/uploads\/2011\/02\/disc-magma-ine.jpg 250w, https:\/\/widemann.net\/wp-fr\/wp-content\/uploads\/2011\/02\/disc-magma-ine-150x150.jpg 150w\" sizes=\"auto, (max-width: 250px) 85vw, 250px\" \/><br \/>\nMagma,<br \/>\n<em>In\u00e9dits<\/em> <span class=\"discYear\">(1978)<\/span><\/td>\n<td><img decoding=\"async\" src=\"https:\/\/widemann.net\/wp-fr\/wp-content\/uploads\/2011\/02\/disc-dan-earth.jpg\" alt=\"\" \/><br \/>\nDan ar Braz,<br \/>\n<em>The Earth Lament<\/em> <span class=\"discYear\">(1979)<\/span><\/td>\n<td><img decoding=\"async\" src=\"https:\/\/widemann.net\/wp-fr\/wp-content\/uploads\/2011\/02\/disc-godzilla.jpg\" alt=\"\" \/><br \/>\nPatrick Gauthier,<br \/>\n<em>B\u00e9b\u00e9 Godzilla<\/em> <span class=\"discYear\">(1980)<\/span><\/td>\n<td><img decoding=\"async\" src=\"https:\/\/widemann.net\/wp-fr\/wp-content\/uploads\/2011\/02\/disc-cher-ecor.jpg\" alt=\"\" \/><br \/>\nPierre Ch\u00e9r\u00e8ze,<br \/>\n<em>\u00c9corch\u00e9 vif<\/em> <span class=\"discYear\">(1980)<\/span><\/td>\n<\/tr>\n<tr>\n<td><img decoding=\"async\" src=\"https:\/\/widemann.net\/wp-fr\/wp-content\/uploads\/2011\/02\/disc-fusio-80.jpg\" alt=\"\" \/><br \/>\n<em>Fusion Paris 80<\/em> <span class=\"discYear\">(1980)<\/span><\/td>\n<td><img decoding=\"async\" src=\"https:\/\/widemann.net\/wp-fr\/wp-content\/uploads\/2011\/02\/disc-fusio.jpg\" alt=\"\" \/><br \/>\n<a title=\"D\u2019autres musiques\" href=\"https:\/\/www.widemann.net\/wp-fr\/?page_id=17\"><em>Fusion<\/em><\/a> <span class=\"discYear\">(1981)<\/span><\/td>\n<td><img loading=\"lazy\" decoding=\"async\" width=\"250\" height=\"250\" class=\"alignnone size-full wp-image-1346\" src=\"https:\/\/widemann.net\/wp-fr\/wp-content\/uploads\/2011\/02\/disc-magma-retro1.jpg\" alt=\"\" srcset=\"https:\/\/widemann.net\/wp-fr\/wp-content\/uploads\/2011\/02\/disc-magma-retro1.jpg 250w, https:\/\/widemann.net\/wp-fr\/wp-content\/uploads\/2011\/02\/disc-magma-retro1-150x150.jpg 150w\" sizes=\"auto, (max-width: 250px) 85vw, 250px\" \/><br \/>\nMagma,<br \/>\n<em>Retrospekt\u00ef\u1e81 (Parts I+II)<\/em> <span class=\"discYear\">(1981)<\/span><\/td>\n<td><img loading=\"lazy\" decoding=\"async\" width=\"250\" height=\"250\" class=\"alignnone size-full wp-image-1347\" src=\"https:\/\/widemann.net\/wp-fr\/wp-content\/uploads\/2011\/02\/disc-magma-retro2.jpg\" alt=\"\" srcset=\"https:\/\/widemann.net\/wp-fr\/wp-content\/uploads\/2011\/02\/disc-magma-retro2.jpg 250w, https:\/\/widemann.net\/wp-fr\/wp-content\/uploads\/2011\/02\/disc-magma-retro2-150x150.jpg 150w\" sizes=\"auto, (max-width: 250px) 85vw, 250px\" \/><br \/>\nMagma,<br \/>\n<em>Retrospekt\u00ef\u1e81 (Part III)<\/em> <span class=\"discYear\">(1981)<\/span><\/td>\n<\/tr>\n<tr>\n<td><img decoding=\"async\" src=\"https:\/\/widemann.net\/wp-fr\/wp-content\/uploads\/2011\/02\/disc-cher-2.jpg\" alt=\"\" \/><br \/>\nPierre Ch\u00e9r\u00e8ze,<br \/>\n<em>On dit qu\u2019une pens\u00e9e\u2026<\/em> <span class=\"discYear\">(1981)<\/span><\/td>\n<td><img decoding=\"async\" src=\"https:\/\/widemann.net\/wp-fr\/wp-content\/uploads\/2011\/02\/disc-kaj-mumm.jpg\" alt=\"\" \/><br \/>\nJean-Michel Kajdan,<br \/>\n<em>Mummy!<\/em> <span class=\"discYear\">(1982)<\/span><\/td>\n<td><img decoding=\"async\" src=\"https:\/\/widemann.net\/wp-fr\/wp-content\/uploads\/2011\/02\/disc-aldo-alm.jpg\" alt=\"\" \/><br \/>\nAldo Romano,<br \/>\n<em><a title=\"D\u2019autres musiques\" href=\"https:\/\/www.widemann.net\/wp-fr\/?page_id=17\">Alma Latina<\/a><\/em> <span class=\"discYear\">(1983)<\/span><\/td>\n<td><img decoding=\"async\" src=\"https:\/\/widemann.net\/wp-fr\/wp-content\/uploads\/2011\/02\/disc-acogn.jpg\" alt=\"\" \/><br \/>\nGeorges Acogny,<br \/>\n<em>Guitars on the Move<\/em> <span class=\"discYear\">(1983)<\/span><\/td>\n<\/tr>\n<tr>\n<td><img decoding=\"async\" src=\"https:\/\/widemann.net\/wp-fr\/wp-content\/uploads\/2011\/02\/disc-dan-ann.jpg\" alt=\"\" \/><br \/>\nDan ar Braz,<br \/>\n<em>Anne de Bretagne ou les sabots de Merlin<\/em> <span class=\"discYear\">(1983)<\/span><\/td>\n<td><img decoding=\"async\" src=\"https:\/\/widemann.net\/wp-fr\/wp-content\/uploads\/2011\/02\/disc-dan-acou.jpg\" alt=\"\" \/><br \/>\nDan ar Braz,<br \/>\n<em>Acoustic<\/em> <span class=\"discYear\">(1983)<\/span><\/td>\n<td><img decoding=\"async\" src=\"https:\/\/widemann.net\/wp-fr\/wp-content\/uploads\/2011\/02\/disc-bertram-chin.jpg\" alt=\"\" \/><br \/>\nDominique Bertram,<br \/>\n<em>Chinese Paradise<\/em> <span class=\"discYear\">(1984)<\/span><\/td>\n<td><img loading=\"lazy\" decoding=\"async\" width=\"248\" height=\"250\" class=\"alignnone size-full wp-image-1348\" src=\"https:\/\/widemann.net\/wp-fr\/wp-content\/uploads\/2011\/02\/disc-magma-merci.jpg\" alt=\"\" srcset=\"https:\/\/widemann.net\/wp-fr\/wp-content\/uploads\/2011\/02\/disc-magma-merci.jpg 248w, https:\/\/widemann.net\/wp-fr\/wp-content\/uploads\/2011\/02\/disc-magma-merci-150x150.jpg 150w\" sizes=\"auto, (max-width: 248px) 85vw, 248px\" \/><br \/>\nMagma,<br \/>\n<em>Merci<\/em> <span class=\"discYear\">(1984)<\/span><\/td>\n<\/tr>\n<tr>\n<td><img decoding=\"async\" src=\"https:\/\/widemann.net\/wp-fr\/wp-content\/uploads\/2011\/02\/disc-subw.jpg\" alt=\"\" \/><br \/>\n\u00c9ric Serra,<br \/>\n<em>Subway<\/em> <span class=\"discYear\">(1985)<\/span><\/td>\n<td><img decoding=\"async\" src=\"https:\/\/widemann.net\/wp-fr\/wp-content\/uploads\/2011\/02\/disc-dan-silenc.jpg\" alt=\"\" \/><br \/>\nDan ar Braz,<br \/>\n<em>Musique pour les silences \u00e0 venir<\/em> <span class=\"discYear\">(1985)<\/span><\/td>\n<td><img decoding=\"async\" src=\"https:\/\/widemann.net\/wp-fr\/wp-content\/uploads\/2011\/02\/disc-esco.jpg\" alt=\"\" \/><br \/>\nCarol Escoffier,<br \/>\n<em>Kumkwaya<\/em> <span class=\"discYear\">(1985)<\/span><\/td>\n<td><img decoding=\"async\" src=\"https:\/\/widemann.net\/wp-fr\/wp-content\/uploads\/2022\/04\/pblanchard.jpg\" alt=\"\" \/><br \/>\nPierre Blanchard,<br \/>\n<em>Each One Teach One<\/em> <span class=\"discYear\">(1985)<\/span><\/td>\n<\/tr>\n<tr>\n<td><img loading=\"lazy\" decoding=\"async\" width=\"250\" height=\"250\" class=\"alignnone size-full wp-image-1349\" src=\"https:\/\/widemann.net\/wp-fr\/wp-content\/uploads\/2011\/02\/disc-magma-myth1.jpg\" alt=\"\" srcset=\"https:\/\/widemann.net\/wp-fr\/wp-content\/uploads\/2011\/02\/disc-magma-myth1.jpg 250w, https:\/\/widemann.net\/wp-fr\/wp-content\/uploads\/2011\/02\/disc-magma-myth1-150x150.jpg 150w\" sizes=\"auto, (max-width: 250px) 85vw, 250px\" \/><br \/>\nMagma,<br \/>\n<em>Mythes et L\u00e9gendes<\/em> <span class=\"discYear\">(1985)<\/span><\/td>\n<td><img decoding=\"async\" src=\"https:\/\/widemann.net\/wp-fr\/wp-content\/uploads\/2011\/02\/disc-lavill-vol.jpg\" alt=\"\" \/><br \/>\nBernard Lavilliers,<br \/>\n<em>Voleur de feu<\/em> <span class=\"discYear\">(1986)<\/span><\/td>\n<td><img decoding=\"async\" src=\"https:\/\/widemann.net\/wp-fr\/wp-content\/uploads\/2011\/02\/disc-kamikaze.jpg\" alt=\"\" \/><br \/>\n\u00c9ric Serra,<br \/>\n<em>Kamikaze<\/em> <span class=\"discYear\">(1986)<\/span><\/td>\n<td><img decoding=\"async\" src=\"https:\/\/widemann.net\/wp-fr\/wp-content\/uploads\/2011\/02\/disc-hig-ber.jpg\" alt=\"\" \/><br \/>\nJacques Higelin,<br \/>\n<em>Higelin \u00e0 Bercy<\/em> <span class=\"discYear\">(1986)<\/span><\/td>\n<\/tr>\n<tr>\n<td><img decoding=\"async\" src=\"https:\/\/widemann.net\/wp-fr\/wp-content\/uploads\/2011\/02\/disc-vanin.jpg\" alt=\"\" \/><br \/>\nVanina Michel,<br \/>\n<em>Il m\u2019donne des le\u00e7ons<\/em> <span class=\"discYear\">(1986)<\/span><\/td>\n<td><img decoding=\"async\" src=\"https:\/\/widemann.net\/wp-fr\/wp-content\/uploads\/2011\/02\/disc-marimy.jpg\" alt=\"\" \/><br \/>\nMarie Myriam,<br \/>\n<em>Tout est pardonn\u00e9<\/em> <span class=\"discYear\">(1987)<\/span><\/td>\n<td><img decoding=\"async\" src=\"https:\/\/widemann.net\/wp-fr\/wp-content\/uploads\/2011\/02\/disc-blan-snar.jpg\" alt=\"\" \/><br \/>\nMarc Blanc,<br \/>\n<em>Pr\u00e9destin\u00e9e<\/em> <span class=\"discYear\">(1987)<\/span><\/td>\n<td><img decoding=\"async\" src=\"https:\/\/widemann.net\/wp-fr\/wp-content\/uploads\/2011\/02\/disc-croisi.jpg\" alt=\"\" \/><br \/>\nNicole Croisille,<br \/>\n<em>Jazzille<\/em> <span class=\"discYear\">(1987)<\/span><\/td>\n<\/tr>\n<tr>\n<td><img decoding=\"async\" src=\"https:\/\/widemann.net\/wp-fr\/wp-content\/uploads\/2011\/02\/disc-vassi.jpg\" alt=\"\" \/><br \/>\nPierre Vassiliu,<br \/>\n<em>L\u2019amour qui passe<\/em> <span class=\"discYear\">(1987)<\/span><\/td>\n<td><img decoding=\"async\" src=\"https:\/\/widemann.net\/wp-fr\/wp-content\/uploads\/2011\/02\/disc-lockw12.jpg\" alt=\"\" \/><br \/>\nDidier Lockwood,<br \/>\n<em>1, 2, 3, 4<\/em> <span class=\"discYear\">(1987)<\/span><\/td>\n<td><img decoding=\"async\" src=\"https:\/\/widemann.net\/wp-fr\/wp-content\/uploads\/2022\/04\/tshala.jpg\" alt=\"\" \/><br \/>\nTshala Muana,<br \/>\n<em>Antidote<\/em> <span class=\"discYear\">(1987)<\/span><\/td>\n<td><img decoding=\"async\" src=\"https:\/\/widemann.net\/wp-fr\/wp-content\/uploads\/2011\/02\/disc-dan-sept.jpg\" alt=\"\" \/><br \/>\nDan ar Braz,<br \/>\n<a title=\"D\u2019autres musiques\" href=\"https:\/\/www.widemann.net\/wp-fr\/?page_id=17\"><em>Septembre bleu<\/em><\/a> <span class=\"discYear\">(1988)<\/span><\/td>\n<\/tr>\n<tr>\n<td><img decoding=\"async\" src=\"https:\/\/widemann.net\/wp-fr\/wp-content\/uploads\/2022\/04\/mmyriam2.jpg\" alt=\"\" \/><br \/>\nMarie Myriam,<br \/>\n<em>En plein c\u0153ur<\/em> <span class=\"discYear\">(1988)<\/span><\/td>\n<td><img decoding=\"async\" src=\"https:\/\/widemann.net\/wp-fr\/wp-content\/uploads\/2022\/04\/mmyriam3.jpg\" alt=\"\" \/><br \/>\nMarie Myriam,<br \/>\n<em>Dis-moi les silences<\/em> <span class=\"discYear\">(1988)<\/span><\/td>\n<td><img decoding=\"async\" src=\"https:\/\/widemann.net\/wp-fr\/wp-content\/uploads\/2011\/02\/disc-jeanmans.jpg\" alt=\"\" \/><br \/>\nJeane Manson,<br \/>\n<em>Songe d\u2019une nuit<\/em> <span class=\"discYear\">(1988)<\/span><\/td>\n<td><img decoding=\"async\" src=\"https:\/\/widemann.net\/wp-fr\/wp-content\/uploads\/2024\/03\/lara250.jpg\" alt=\"\" \/><br \/>\nCatherine Lara,<br \/>\n<em>Live \u00e0 l&#8217;Olympia<\/em> <span class=\"discYear\">(1988)<\/span><\/td>\n<\/tr>\n<tr>\n<td><img decoding=\"async\" src=\"https:\/\/widemann.net\/wp-fr\/wp-content\/uploads\/2011\/02\/disc-batacl.jpg\" alt=\"\" \/><br \/>\nMaxime Le Forestier,<br \/>\n<em>Bataclan 1989<\/em> <span class=\"discYear\">(1989)<\/span><\/td>\n<td><img decoding=\"async\" src=\"https:\/\/widemann.net\/wp-fr\/wp-content\/uploads\/2011\/02\/disc-ennea.jpg\" alt=\"\" \/><br \/>\n<em>Enneade<\/em> <span class=\"discYear\">(1990)<\/span><\/td>\n<td><img decoding=\"async\" src=\"https:\/\/widemann.net\/wp-fr\/wp-content\/uploads\/2011\/02\/disc-sylv-make.jpg\" alt=\"\" \/><br \/>\nSylvin Marc,<br \/>\n<em>Make Up<\/em> <span class=\"discYear\">(1990)<\/span><\/td>\n<td><img decoding=\"async\" src=\"https:\/\/widemann.net\/wp-fr\/wp-content\/uploads\/2011\/02\/disc-kajd-bscale.jpg\" alt=\"\" \/><br \/>\nJean-Michel Kajdan,<br \/>\n<a title=\"D\u2019autres musiques\" href=\"https:\/\/www.widemann.net\/wp-fr\/?page_id=17\"><em>Blue Scales<\/em><\/a> <span class=\"discYear\">(1991)<\/span><\/td>\n<\/tr>\n<tr>\n<td><img decoding=\"async\" src=\"https:\/\/widemann.net\/wp-fr\/wp-content\/uploads\/2017\/05\/disc-jms15.jpg\" alt=\"\" \/><br \/>\n<em>JMS 15e anniversaire<\/em> <span class=\"discYear\">(1991)<\/span><\/td>\n<td><img decoding=\"async\" src=\"https:\/\/widemann.net\/wp-fr\/wp-content\/uploads\/2011\/02\/disc-kajd-bnoise.jpg\" alt=\"\" \/><br \/>\nJean-Michel Kajdan,<br \/>\n<em>Blue Noise<\/em> <span class=\"discYear\">(1992)<\/span><\/td>\n<td><img decoding=\"async\" src=\"https:\/\/widemann.net\/wp-fr\/wp-content\/uploads\/2011\/02\/disc-92-blues.jpg\" alt=\"\" \/><br \/>\n<em>92 l&#8217;ann\u00e9e du blues<\/em> <span class=\"discYear\">(1992)<\/span><\/td>\n<td><img decoding=\"async\" src=\"https:\/\/widemann.net\/wp-fr\/wp-content\/uploads\/2011\/02\/disc-lenorm.jpg\" alt=\"\" \/><br \/>\nG\u00e9rard Lenorman,<br \/>\n<em>Il y a\u2026<\/em> <span class=\"discYear\">(1993)<\/span><\/td>\n<\/tr>\n<tr>\n<td><img loading=\"lazy\" decoding=\"async\" width=\"254\" height=\"250\" class=\"alignnone size-full wp-image-1350\" src=\"https:\/\/widemann.net\/wp-fr\/wp-content\/uploads\/2011\/02\/disc-magma-taur.jpg\" alt=\"\" \/><br \/>\nMagma,<br \/>\n<em>Le Taur 1975<\/em> <span class=\"discYear\">(1995)<\/span><\/td>\n<td><img loading=\"lazy\" decoding=\"async\" width=\"253\" height=\"250\" class=\"alignnone size-full wp-image-1351\" src=\"https:\/\/widemann.net\/wp-fr\/wp-content\/uploads\/2011\/02\/disc-magma-oper.jpg\" alt=\"\" \/><br \/>\nMagma,<br \/>\n<em>Reims 1976<\/em> <span class=\"discYear\">(1995)<\/span><\/td>\n<td><img loading=\"lazy\" decoding=\"async\" width=\"248\" height=\"250\" class=\"alignnone size-full wp-image-1352\" src=\"https:\/\/widemann.net\/wp-fr\/wp-content\/uploads\/2011\/02\/disc-magma-bobi.jpg\" alt=\"\" srcset=\"https:\/\/widemann.net\/wp-fr\/wp-content\/uploads\/2011\/02\/disc-magma-bobi.jpg 248w, https:\/\/widemann.net\/wp-fr\/wp-content\/uploads\/2011\/02\/disc-magma-bobi-150x150.jpg 150w\" sizes=\"auto, (max-width: 248px) 85vw, 248px\" \/><br \/>\nMagma,<br \/>\n<em>Bobino 1981<\/em> <span class=\"discYear\">(1995)<\/span><\/td>\n<td><img decoding=\"async\" src=\"https:\/\/widemann.net\/wp-fr\/wp-content\/uploads\/2011\/02\/disc-basses.jpg\" alt=\"\" \/><br \/>\n<em>Basses Influences<\/em> <span class=\"discYear\">(1997)<\/span><\/td>\n<\/tr>\n<tr>\n<td><img loading=\"lazy\" decoding=\"async\" width=\"243\" height=\"250\" class=\"alignnone size-full wp-image-1353\" src=\"https:\/\/widemann.net\/wp-fr\/wp-content\/uploads\/2011\/02\/disc-magma-komp.jpg\" alt=\"\" \/><br \/>\nMagma,<br \/>\n<em>Kompila<\/em> <span class=\"discYear\">(1997)<\/span><\/td>\n<td><img decoding=\"async\" src=\"https:\/\/widemann.net\/wp-fr\/wp-content\/uploads\/2011\/02\/disc-heldo.jpg\" alt=\"\" \/><br \/>\nHeldon,<br \/>\n<em>Only Chaos is Real<\/em> <span class=\"discYear\">(2001)<\/span><\/td>\n<td><img decoding=\"async\" src=\"https:\/\/widemann.net\/wp-fr\/wp-content\/uploads\/2011\/02\/disc-seva.jpg\" alt=\"\" \/><br \/>\n\u00c9ric S\u00e9va,<br \/>\n<em>Folklores imaginaires<\/em> <span class=\"discYear\">(2005)<\/span><\/td>\n<td><img decoding=\"async\" src=\"https:\/\/widemann.net\/wp-fr\/wp-content\/uploads\/2011\/02\/disc-blan-troub.jpg\" alt=\"\" \/><br \/>\nMarc Blanc,<br \/>\n<em>Electric Troubadour<\/em> <span class=\"discYear\">(2005)<\/span><\/td>\n<\/tr>\n<tr>\n<td><img decoding=\"async\" src=\"https:\/\/widemann.net\/wp-fr\/wp-content\/uploads\/2011\/02\/disc-hamta.jpg\" alt=\"\" \/><br \/>\n<em>Hamta\u00ef !<\/em> <span class=\"discYear\">(2007)<\/span><\/td>\n<td><img loading=\"lazy\" decoding=\"async\" width=\"250\" height=\"250\" class=\"alignnone size-full wp-image-1359\" src=\"https:\/\/widemann.net\/wp-fr\/wp-content\/uploads\/2011\/02\/disc-magma-myth3dvd.jpg\" alt=\"\" srcset=\"https:\/\/widemann.net\/wp-fr\/wp-content\/uploads\/2011\/02\/disc-magma-myth3dvd.jpg 250w, https:\/\/widemann.net\/wp-fr\/wp-content\/uploads\/2011\/02\/disc-magma-myth3dvd-150x150.jpg 150w\" sizes=\"auto, (max-width: 250px) 85vw, 250px\" \/><br \/>\nMagma,<br \/>\n<em>Mythes et L\u00e9gendes vol. 3 (DVD)<\/em> <span class=\"discYear\">(2007)<\/span><\/td>\n<td><img decoding=\"async\" src=\"https:\/\/widemann.net\/wp-fr\/wp-content\/uploads\/2011\/02\/disc-magma-studz.jpg\" alt=\"\" \/><br \/>\nMagma,<br \/>\n<em>Studio Z\u00fcnd<\/em> <span class=\"discYear\">(2008)<\/span><\/td>\n<td><img decoding=\"async\" src=\"https:\/\/widemann.net\/wp-fr\/wp-content\/uploads\/2011\/02\/disc-setn.jpg\" alt=\"\" \/><br \/>\nSetna,<br \/>\n<em>Gu\u00e9rison<\/em> <span class=\"discYear\">(2013)<\/span><\/td>\n<\/tr>\n<tr>\n<td><img decoding=\"async\" src=\"https:\/\/widemann.net\/wp-fr\/wp-content\/uploads\/2011\/02\/disc-magma-konce.jpg\" alt=\"\" \/><br \/>\nMagma,<br \/>\n<em>K\u00f6hnzert Z\u00fcnd<\/em> <span class=\"discYear\">(2015)<\/span><\/td>\n<td><img decoding=\"async\" src=\"https:\/\/widemann.net\/wp-fr\/wp-content\/uploads\/2017\/05\/disc-louv-tan.jpg\" alt=\"\" \/><br \/>\nOlivier Louvel,<br \/>\n<em>Tangerine Sparkle<\/em> <span class=\"discYear\">(2015)<\/span><\/td>\n<td><img decoding=\"async\" src=\"https:\/\/widemann.net\/wp-fr\/wp-content\/uploads\/2011\/02\/disc-jms-40.jpg\" alt=\"\" \/><br \/>\n<em>JMS 40e anniversaire<\/em> <span class=\"discYear\">(2015)<\/span><\/td>\n<td><img decoding=\"async\" src=\"https:\/\/widemann.net\/wp-fr\/wp-content\/uploads\/2011\/02\/disc-moods.jpg\" alt=\"\" \/><br \/>\nMaison Klaus,<br \/>\n<a title=\"Maison Klaus\" href=\"https:\/\/maisonklaus.com\/moods\/\"><em>Moods<\/em><\/a> <span class=\"discYear\">(2017)<\/span><\/td>\n<\/tr>\n<tr>\n<td><img decoding=\"async\" src=\"https:\/\/widemann.net\/wp-fr\/wp-content\/uploads\/2011\/02\/disc-dan-ar-dans.jpg\" alt=\"\" \/><br \/>\nDan ar Braz,<br \/>\n<em>Dan ar Da\u00f1s<\/em> <span class=\"discYear\">(2020)<\/span><\/td>\n<td><img decoding=\"async\" src=\"https:\/\/widemann.net\/wp-fr\/wp-content\/uploads\/2021\/01\/retro-2021.jpg\" alt=\"\" \/><br \/>\nMagma,<br \/>\n<em>Retrospekt\u00ef\u1e81 I-II-III<\/em> <span class=\"discYear\">(2021)<\/span><\/td>\n<td><img decoding=\"async\" src=\"https:\/\/widemann.net\/wp-fr\/wp-content\/uploads\/2021\/05\/Cover5-512-300x300.jpg\" alt=\"\" \/><br \/>\nSylvin Marc,<br \/>\n<a title=\"Sylvin Marc\" href=\"https:\/\/sylvinmarc.bandcamp.com\/album\/tribal-lockdown-2020\"><em>Tribal Lockdown 2020<\/em><\/a> <span class=\"discYear\">(2021)<\/span><\/td>\n<td><img decoding=\"async\" src=\"https:\/\/widemann.net\/wp-fr\/wp-content\/uploads\/2022\/04\/stone_age.jpg\" alt=\"\" \/><br \/>\nStone Age,<br \/>\n<em>Bubry Road<\/em> <span class=\"discYear\">(2022)<\/span><\/td>\n<\/tr>\n<tr>\n<td><img decoding=\"async\" src=\"https:\/\/widemann.net\/wp-fr\/wp-content\/uploads\/2024\/03\/a1823107675_16.jpg\" alt=\"\" \/><br \/>\nSylvin Marc,<br \/>\n<a href=\"https:\/\/sylvinmarc.bandcamp.com\/album\/au-gr-du-vent\"><em>Au gr\u00e9 du vent<\/em><\/a> <span class=\"discYear\">(2024)<\/span><\/td>\n<td><\/td>\n<td><\/td>\n<td><\/td>\n<\/tr>\n<\/tbody>\n<\/table>\n<\/div>\n<div class=\"encadre\">\n<p><strong>\u00c9couter :<\/strong><\/p>\n<ul>\n<li><a title=\"Stress\u00a0!\" href=\"https:\/\/www.widemann.net\/wp-fr\/?page_id=11\">Stress !<\/a><\/li>\n<li><a title=\"Tsunami\" href=\"https:\/\/www.widemann.net\/wp-fr\/?page_id=13\">Tsunami<\/a><\/li>\n<li><a title=\"\u201c3\u201d\" href=\"https:\/\/www.widemann.net\/wp-fr\/?page_id=15\">\u201c3\u201d<\/a><\/li>\n<li><a title=\"Seventh Sight \u201924\" href=\"https:\/\/widemann.net\/wp-fr\/seven-sight-24\/\">Seventh Sight \u201924<\/a><\/li>\n<li><a title=\"D\u2019autres musiques\" href=\"https:\/\/www.widemann.net\/wp-fr\/?page_id=17\">d\u2019autres musiques<\/a><\/li>\n<\/ul>\n<\/div>\n","protected":false},"excerpt":{"rendered":"<p>Discographie Albums : Stress ! (1977) Tsunami (1978) \u201c3\u201d (1982) Singles : Seventh Sight \u201924 (2024) Careless (2025) Orbital Mode (2026) Magma, Hhai (Live) (1975) Magma, \u00dcd\u00fc \u1e80\u00fcd\u00fc (1976) Dan ar Braz, Douar Nevez (1977) Magma, Attahk (1977) Verto, Reel 19.36 (1978) Dan ar Braz, Allez dire \u00e0 la ville (1978) Claudio Baglioni, E Tu &hellip; <a href=\"https:\/\/widemann.net\/wp-fr\/musique\/\" class=\"more-link\">Continue reading<span class=\"screen-reader-text\"> &#8220;Musique&#8221;<\/span><\/a><\/p>\n","protected":false},"author":1,"featured_media":0,"parent":0,"menu_order":0,"comment_status":"closed","ping_status":"open","template":"","meta":{"footnotes":""},"class_list":["post-2","page","type-page","status-publish","hentry"],"_links":{"self":[{"href":"https:\/\/widemann.net\/wp-fr\/wp-json\/wp\/v2\/pages\/2","targetHints":{"allow":["GET"]}}],"collection":[{"href":"https:\/\/widemann.net\/wp-fr\/wp-json\/wp\/v2\/pages"}],"about":[{"href":"https:\/\/widemann.net\/wp-fr\/wp-json\/wp\/v2\/types\/page"}],"author":[{"embeddable":true,"href":"https:\/\/widemann.net\/wp-fr\/wp-json\/wp\/v2\/users\/1"}],"replies":[{"embeddable":true,"href":"https:\/\/widemann.net\/wp-fr\/wp-json\/wp\/v2\/comments?post=2"}],"version-history":[{"count":75,"href":"https:\/\/widemann.net\/wp-fr\/wp-json\/wp\/v2\/pages\/2\/revisions"}],"predecessor-version":[{"id":1959,"href":"https:\/\/widemann.net\/wp-fr\/wp-json\/wp\/v2\/pages\/2\/revisions\/1959"}],"wp:attachment":[{"href":"https:\/\/widemann.net\/wp-fr\/wp-json\/wp\/v2\/media?parent=2"}],"curies":[{"name":"wp","href":"https:\/\/api.w.org\/{rel}","templated":true}]}}