{"id":1989,"date":"2026-05-04T12:11:28","date_gmt":"2026-05-04T11:11:28","guid":{"rendered":"https:\/\/widemann.net\/wp-fr\/?page_id=1989"},"modified":"2026-05-04T12:22:43","modified_gmt":"2026-05-04T11:22:43","slug":"analog-square-dance","status":"publish","type":"page","link":"https:\/\/widemann.net\/wp-fr\/analog-square-dance\/","title":{"rendered":"Analog Square Dance"},"content":{"rendered":"<p>Composed and produced in spring 2026, \u2018Analog Square Dance\u2019 was recorded using only my vintage Minimoog. No plugins were used, except a reverb and a delay. All the sounds were created with the Moog.<\/p>\n<p><iframe style=\"border: 0; width: 350px; height: 442px;\" src=\"https:\/\/bandcamp.com\/EmbeddedPlayer\/track=3415132123\/size=large\/bgcol=ffffff\/linkcol=0687f5\/tracklist=false\/transparent=true\/\" seamless=\"\"><a href=\"https:\/\/benoitwidemann.bandcamp.com\/track\/analog-square-dance\">Analog Square Dance by Benoit Widemann<\/a><\/iframe><\/p>\n<p>Compos\u00e9 et enregistr\u00e9 au printemps 2026, \u00ab Analog Square Dance \u00bb a \u00e9t\u00e9 cr\u00e9\u00e9 uniquement avec mon Minimoog vintage. Aucun plugin n&#8217;a \u00e9t\u00e9 utilis\u00e9, \u00e0 l&#8217;exception d&#8217;une reverb et d&#8217;un d\u00e9lai. Tous les sons ont \u00e9t\u00e9 produits avec le Moog.<\/p>\n","protected":false},"excerpt":{"rendered":"<p>Composed and produced in spring 2026, \u2018Analog Square Dance\u2019 was recorded using only my vintage Minimoog. No plugins were used, except a reverb and a delay. All the sounds were created with the Moog. Analog Square Dance by Benoit Widemann Compos\u00e9 et enregistr\u00e9 au printemps 2026, \u00ab Analog Square Dance \u00bb a \u00e9t\u00e9 cr\u00e9\u00e9 uniquement &hellip; <a href=\"https:\/\/widemann.net\/wp-fr\/analog-square-dance\/\" class=\"more-link\">Continue reading<span class=\"screen-reader-text\"> &#8220;Analog Square Dance&#8221;<\/span><\/a><\/p>\n","protected":false},"author":1,"featured_media":0,"parent":0,"menu_order":0,"comment_status":"closed","ping_status":"closed","template":"","meta":{"footnotes":""},"class_list":["post-1989","page","type-page","status-publish","hentry"],"_links":{"self":[{"href":"https:\/\/widemann.net\/wp-fr\/wp-json\/wp\/v2\/pages\/1989","targetHints":{"allow":["GET"]}}],"collection":[{"href":"https:\/\/widemann.net\/wp-fr\/wp-json\/wp\/v2\/pages"}],"about":[{"href":"https:\/\/widemann.net\/wp-fr\/wp-json\/wp\/v2\/types\/page"}],"author":[{"embeddable":true,"href":"https:\/\/widemann.net\/wp-fr\/wp-json\/wp\/v2\/users\/1"}],"replies":[{"embeddable":true,"href":"https:\/\/widemann.net\/wp-fr\/wp-json\/wp\/v2\/comments?post=1989"}],"version-history":[{"count":4,"href":"https:\/\/widemann.net\/wp-fr\/wp-json\/wp\/v2\/pages\/1989\/revisions"}],"predecessor-version":[{"id":1996,"href":"https:\/\/widemann.net\/wp-fr\/wp-json\/wp\/v2\/pages\/1989\/revisions\/1996"}],"wp:attachment":[{"href":"https:\/\/widemann.net\/wp-fr\/wp-json\/wp\/v2\/media?parent=1989"}],"curies":[{"name":"wp","href":"https:\/\/api.w.org\/{rel}","templated":true}]}}