{"id":1932,"date":"2025-11-07T11:00:30","date_gmt":"2025-11-07T10:00:30","guid":{"rendered":"https:\/\/widemann.net\/wp-fr\/?page_id=1932"},"modified":"2025-11-07T11:00:30","modified_gmt":"2025-11-07T10:00:30","slug":"careless","status":"publish","type":"page","link":"https:\/\/widemann.net\/wp-fr\/careless\/","title":{"rendered":"Careless"},"content":{"rendered":"<p>\u2018Careless\u2019 was composed, recorded and mixed in summer 2025. It is a particularly personal work in which I play and program all the instruments: electric piano, string quartet, virtual drums programming, various synths including a Moog playing the bass. This piece is pure jazz-fusion, just the way I like it.<\/p>\n<p><iframe style=\"border: 0; width: 350px; height: 442px;\" src=\"https:\/\/bandcamp.com\/EmbeddedPlayer\/track=229854721\/size=large\/bgcol=ffffff\/linkcol=63b2cc\/tracklist=false\/transparent=true\/\" seamless><a href=\"https:\/\/benoitwidemann.bandcamp.com\/track\/careless\">Careless by Benoit Widemann<\/a><\/iframe><\/p>\n<p>\u00ab Careless \u00bb a \u00e9t\u00e9 compos\u00e9, enregistr\u00e9 et mix\u00e9 pendant l&#8217;\u00e9t\u00e9 2025. C&#8217;est une pi\u00e8ce particuli\u00e8rement personnelle dans laquelle je joue et programme tous les instruments&nbsp;: piano \u00e9lectrique, quatuor \u00e0 cordes, batterie virtuelle, synth\u00e9tiseurs divers dont un Moog pour la basse. Ce morceau est du pur jazz-fusion, exactement comme je l&#8217;aime.<\/p>\n","protected":false},"excerpt":{"rendered":"<p>\u2018Careless\u2019 was composed, recorded and mixed in summer 2025. It is a particularly personal work in which I play and program all the instruments: electric piano, string quartet, virtual drums programming, various synths including a Moog playing the bass. This piece is pure jazz-fusion, just the way I like it. Careless by Benoit Widemann \u00ab &hellip; <a href=\"https:\/\/widemann.net\/wp-fr\/careless\/\" class=\"more-link\">Continue reading<span class=\"screen-reader-text\"> &#8220;Careless&#8221;<\/span><\/a><\/p>\n","protected":false},"author":1,"featured_media":0,"parent":0,"menu_order":0,"comment_status":"closed","ping_status":"closed","template":"","meta":{"footnotes":""},"class_list":["post-1932","page","type-page","status-publish","hentry"],"_links":{"self":[{"href":"https:\/\/widemann.net\/wp-fr\/wp-json\/wp\/v2\/pages\/1932","targetHints":{"allow":["GET"]}}],"collection":[{"href":"https:\/\/widemann.net\/wp-fr\/wp-json\/wp\/v2\/pages"}],"about":[{"href":"https:\/\/widemann.net\/wp-fr\/wp-json\/wp\/v2\/types\/page"}],"author":[{"embeddable":true,"href":"https:\/\/widemann.net\/wp-fr\/wp-json\/wp\/v2\/users\/1"}],"replies":[{"embeddable":true,"href":"https:\/\/widemann.net\/wp-fr\/wp-json\/wp\/v2\/comments?post=1932"}],"version-history":[{"count":1,"href":"https:\/\/widemann.net\/wp-fr\/wp-json\/wp\/v2\/pages\/1932\/revisions"}],"predecessor-version":[{"id":1933,"href":"https:\/\/widemann.net\/wp-fr\/wp-json\/wp\/v2\/pages\/1932\/revisions\/1933"}],"wp:attachment":[{"href":"https:\/\/widemann.net\/wp-fr\/wp-json\/wp\/v2\/media?parent=1932"}],"curies":[{"name":"wp","href":"https:\/\/api.w.org\/{rel}","templated":true}]}}