{"id":1869,"date":"2024-12-11T18:08:51","date_gmt":"2024-12-11T17:08:51","guid":{"rendered":"https:\/\/widemann.net\/wp-fr\/?page_id=1869"},"modified":"2025-02-04T09:41:44","modified_gmt":"2025-02-04T08:41:44","slug":"seventh-sight-24","status":"publish","type":"page","link":"https:\/\/widemann.net\/wp-fr\/seventh-sight-24\/","title":{"rendered":"Seventh Sight \u201924"},"content":{"rendered":"<div><a href=\"https:\/\/benoitwidemann.bandcamp.com\/track\/seventh-sight-24?from=embed\" target=\"new\"><img loading=\"lazy\" decoding=\"async\" class=\"size-medium wp-image-1870 alignright\" src=\"https:\/\/widemann.net\/wp-fr\/wp-content\/uploads\/2024\/12\/a1174889069_10-300x300.jpg\" alt=\"\" width=\"300\" height=\"300\" srcset=\"https:\/\/widemann.net\/wp-fr\/wp-content\/uploads\/2024\/12\/a1174889069_10-300x300.jpg 300w, https:\/\/widemann.net\/wp-fr\/wp-content\/uploads\/2024\/12\/a1174889069_10-1024x1024.jpg 1024w, https:\/\/widemann.net\/wp-fr\/wp-content\/uploads\/2024\/12\/a1174889069_10-150x150.jpg 150w, https:\/\/widemann.net\/wp-fr\/wp-content\/uploads\/2024\/12\/a1174889069_10-768x768.jpg 768w, https:\/\/widemann.net\/wp-fr\/wp-content\/uploads\/2024\/12\/a1174889069_10.jpg 1200w\" sizes=\"auto, (max-width: 300px) 85vw, 300px\" \/><\/a>\u2018The Seventh Sight\u2019 was composed in 2009 and added as a bonus track on the CD reissue of the album \u201c3.\u201d This 2024 version is a blend of a unreleased 2014 studio recording with some of the original tracks, plus additional synths, meticulously rearranged and remixed to produce this fine and final form.<\/div>\n<div>&nbsp;<\/div>\n<div>Benoit Widemann: composer, piano, synths<br \/>\nJean-Michel Kajdan: guitar, bass<br \/>\nGilles Coquard: bass solo<br \/>\nNicolas Viccaro: drums<br \/>\nOlivier Louvel: guitar<br \/>\nAlex Tassel: bugle<\/div>\n<div>&nbsp;<\/div>\n<p><iframe style=\"border: 0; width: 100%; height: 42px;\" src=\"https:\/\/bandcamp.com\/EmbeddedPlayer\/track=2291179896\/size=small\/bgcol=ffffff\/linkcol=0687f5\/artwork=none\/transparent=true\/\" seamless=\"\"><a href=\"https:\/\/benoitwidemann.bandcamp.com\/track\/seventh-sight-24\">Seventh Sight &#8217;24 by Benoit Widemann<\/a><\/iframe><\/p>\n<div>Built with:<br \/>\n\u2022 a vintage Minimoog<br \/>\n\u2022 Arturia virtual instruments &amp; effects<br \/>\n\u2022 Digital Performer<br \/>\n\u2022 a lot of fun<\/div>\n<div>&nbsp;<\/div>\n<div>\u201cThe Seventh Sight\u201d a \u00e9t\u00e9 compos\u00e9 en 2009 et ajout\u00e9 en \u201cbonus track\u201d \u00e0 la r\u00e9\u00e9dition en CD de l&#8217;album \u201c3\u201d. Cette version 2024 m\u00e9lange un enregistrement en studio in\u00e9dit de 2014 avec certaines des pistes originales, plus des synth\u00e9s additionnels, m\u00e9ticuleusement r\u00e9arrang\u00e9s et mix\u00e9s pour produire cette belle forme finale.<\/div>\n<div>&nbsp;<\/div>\n<div>2009 sound engineering: Jean-Michel Kajdan @ Studio Ron\u00e9o<br \/>\n2014 sound engineering: Jonathan Marcoz @ Peninsula Studio<br \/>\n2024 mixing &amp; mastering: Benoit Widemann<\/div>\n<div>&nbsp;<\/div>\n<div>Image: Leonardo AI with human touches by BW<\/div>\n<div>Special thanks to everyone for this lovely piece.<\/div>\n<div>&nbsp;<\/div>\n<div class=\"streamProviders\">\nAlso available on most streaming platforms, including:<\/p>\n<ul>\n<li><a href=\"https:\/\/itunes.apple.com\/fr\/artist\/benoit-widemann\/id1208769746\"><img loading=\"lazy\" decoding=\"async\" class=\"alignnone size-full wp-image-1446\" src=\"https:\/\/widemann.net\/wp-fr\/wp-content\/uploads\/2011\/09\/applemusic.png\" alt=\"\" width=\"110\" height=\"40\" \/><\/a><\/li>\n<li><a href=\"https:\/\/open.spotify.com\/artist\/1IH5yZptENfuUw6NuwVIVJ\"><img loading=\"lazy\" decoding=\"async\" class=\"alignnone size-full wp-image-1447\" src=\"https:\/\/widemann.net\/wp-fr\/wp-content\/uploads\/2011\/09\/spotify.png\" alt=\"\" width=\"110\" height=\"42\" \/><\/a><\/li>\n<li><a href=\"https:\/\/www.deezer.com\/artist\/1366594\"><img loading=\"lazy\" decoding=\"async\" class=\"alignnone size-full wp-image-1448\" src=\"https:\/\/widemann.net\/wp-fr\/wp-content\/uploads\/2011\/09\/deezer.png\" alt=\"\" width=\"110\" height=\"39\" \/><\/a><\/li>\n<li><a href=\"https:\/\/www.amazon.fr\/s\/ref=sr_nr_p_lbr_music_artists__0?keywords=benoit+widemann&amp;ie=UTF8\"><img loading=\"lazy\" decoding=\"async\" class=\"alignnone size-full wp-image-1449\" src=\"https:\/\/widemann.net\/wp-fr\/wp-content\/uploads\/2011\/09\/amazon.png\" alt=\"\" width=\"110\" height=\"42\" \/><\/a><\/li>\n<\/ul>\n<\/div>\n","protected":false},"excerpt":{"rendered":"<p>\u2018The Seventh Sight\u2019 was composed in 2009 and added as a bonus track on the CD reissue of the album \u201c3.\u201d This 2024 version is a blend of a unreleased 2014 studio recording with some of the original tracks, plus additional synths, meticulously rearranged and remixed to produce this fine and final form. &nbsp; Benoit &hellip; <a href=\"https:\/\/widemann.net\/wp-fr\/seventh-sight-24\/\" class=\"more-link\">Continue reading<span class=\"screen-reader-text\"> &#8220;Seventh Sight \u201924&#8221;<\/span><\/a><\/p>\n","protected":false},"author":1,"featured_media":0,"parent":0,"menu_order":0,"comment_status":"closed","ping_status":"closed","template":"","meta":{"footnotes":""},"class_list":["post-1869","page","type-page","status-publish","hentry"],"_links":{"self":[{"href":"https:\/\/widemann.net\/wp-fr\/wp-json\/wp\/v2\/pages\/1869","targetHints":{"allow":["GET"]}}],"collection":[{"href":"https:\/\/widemann.net\/wp-fr\/wp-json\/wp\/v2\/pages"}],"about":[{"href":"https:\/\/widemann.net\/wp-fr\/wp-json\/wp\/v2\/types\/page"}],"author":[{"embeddable":true,"href":"https:\/\/widemann.net\/wp-fr\/wp-json\/wp\/v2\/users\/1"}],"replies":[{"embeddable":true,"href":"https:\/\/widemann.net\/wp-fr\/wp-json\/wp\/v2\/comments?post=1869"}],"version-history":[{"count":21,"href":"https:\/\/widemann.net\/wp-fr\/wp-json\/wp\/v2\/pages\/1869\/revisions"}],"predecessor-version":[{"id":1905,"href":"https:\/\/widemann.net\/wp-fr\/wp-json\/wp\/v2\/pages\/1869\/revisions\/1905"}],"wp:attachment":[{"href":"https:\/\/widemann.net\/wp-fr\/wp-json\/wp\/v2\/media?parent=1869"}],"curies":[{"name":"wp","href":"https:\/\/api.w.org\/{rel}","templated":true}]}}