{"id":17,"date":"2011-02-26T17:09:25","date_gmt":"2011-02-26T16:09:25","guid":{"rendered":"http:\/\/www.widemann.net\/wp-fr\/?page_id=17"},"modified":"2024-12-28T17:54:36","modified_gmt":"2024-12-28T16:54:36","slug":"dautres-musiques","status":"publish","type":"page","link":"https:\/\/widemann.net\/wp-fr\/dautres-musiques\/","title":{"rendered":"D\u2019autres musiques"},"content":{"rendered":"<p><img loading=\"lazy\" decoding=\"async\" class=\"aligncenter size-full wp-image-199\" title=\"Maison Klaus 2010\" alt=\"Maison Klaus 2010\" src=\"https:\/\/www.widemann.net\/wp-fr\/wp-content\/uploads\/2011\/02\/184337_10150129304654721_660154720_6230641_2129610_n.jpg\" width=\"720\" height=\"480\" srcset=\"https:\/\/widemann.net\/wp-fr\/wp-content\/uploads\/2011\/02\/184337_10150129304654721_660154720_6230641_2129610_n.jpg 720w, https:\/\/widemann.net\/wp-fr\/wp-content\/uploads\/2011\/02\/184337_10150129304654721_660154720_6230641_2129610_n-300x200.jpg 300w\" sizes=\"auto, (max-width: 720px) 85vw, 720px\" \/><br \/>\n<em>(en ordre chronologique invers\u00e9)<\/em><\/p>\n<div class=\"tune\"><span class=\"tunename\"><strong>Maison Klaus<\/strong> <em>(2010)<\/em><\/span><audio class=\"wp-audio-shortcode\" id=\"audio-17-1\" preload=\"none\" style=\"width: 100%;\" controls=\"controls\"><source type=\"audio\/mpeg\" src=\"https:\/\/www.widemann.net\/wp-fr\/wp-content\/uploads\/2011\/02\/cometogether.mp3?_=1\" \/><a href=\"https:\/\/www.widemann.net\/wp-fr\/wp-content\/uploads\/2011\/02\/cometogether.mp3\">https:\/\/www.widemann.net\/wp-fr\/wp-content\/uploads\/2011\/02\/cometogether.mp3<\/a><\/audio><span class=\"tunecomment\">Un solo de Moog jou\u00e9 par Benoit\u00a0Widemann en concert avec <a href=\"http:\/\/www.myspace.com\/maisonklaus\">Maison Klaus<\/a>.<\/span><\/div>\n<div class=\"tune\"><span class=\"tunename\"><strong>Bl\u00fcm Tendiwa<\/strong> <em>(2006)<\/em><\/span><audio class=\"wp-audio-shortcode\" id=\"audio-17-2\" preload=\"none\" style=\"width: 100%;\" controls=\"controls\"><source type=\"audio\/mpeg\" src=\"https:\/\/www.widemann.net\/wp-fr\/wp-content\/uploads\/2011\/02\/blum.mp3?_=2\" \/><a href=\"https:\/\/www.widemann.net\/wp-fr\/wp-content\/uploads\/2011\/02\/blum.mp3\">https:\/\/www.widemann.net\/wp-fr\/wp-content\/uploads\/2011\/02\/blum.mp3<\/a><\/audio><span class=\"tunecomment\">Th\u00e8me de Christian\u00a0Vander, arrang\u00e9 et interpr\u00e9t\u00e9 par Benoit\u00a0Widemann pour le projet \u201cHamtai\u201d.<\/span><\/div>\n<div class=\"tune\"><span class=\"tunename\"><strong>Primer Tango<\/strong> <em>(2005)<\/em><\/span><audio class=\"wp-audio-shortcode\" id=\"audio-17-3\" preload=\"none\" style=\"width: 100%;\" controls=\"controls\"><source type=\"audio\/mpeg\" src=\"https:\/\/www.widemann.net\/wp-fr\/wp-content\/uploads\/2011\/02\/primertango.mp3?_=3\" \/><a href=\"https:\/\/www.widemann.net\/wp-fr\/wp-content\/uploads\/2011\/02\/primertango.mp3\">https:\/\/www.widemann.net\/wp-fr\/wp-content\/uploads\/2011\/02\/primertango.mp3<\/a><\/audio><span class=\"tunecomment\">Sur l\u2019album d\u2019\u00c9ric\u00a0S\u00e9va, <em>Folklores imaginaires<\/em> (musique d\u2019\u00c9ric\u00a0S\u00e9va).<\/span><\/div>\n<div class=\"tune\"><span class=\"tunename\"><strong>Skunckadelic\u2019s<\/strong> <em>(2004)<\/em><\/span><audio class=\"wp-audio-shortcode\" id=\"audio-17-4\" preload=\"none\" style=\"width: 100%;\" controls=\"controls\"><source type=\"audio\/mpeg\" src=\"https:\/\/www.widemann.net\/wp-fr\/wp-content\/uploads\/2011\/02\/skunckadelics.mp3?_=4\" \/><a href=\"https:\/\/www.widemann.net\/wp-fr\/wp-content\/uploads\/2011\/02\/skunckadelics.mp3\">https:\/\/www.widemann.net\/wp-fr\/wp-content\/uploads\/2011\/02\/skunckadelics.mp3<\/a><\/audio><span class=\"tunecomment\">Avec <a href=\"http:\/\/fabrice.journo.free.fr\/galeries\/alien051112\/index.htm\">Alien\u00a0Quintet<\/a>, un solo de Moog jou\u00e9 par Benoit\u00a0Widemann sur un th\u00e8me compos\u00e9 par Emmanuel\u00a0Borghi (enregistr\u00e9 \u201clive\u201d au Sunset, Paris).<\/span><\/div>\n<div class=\"tune\"><span class=\"tunename\"><strong>Les Forges<\/strong> <em>(2004)<\/em><\/span><audio class=\"wp-audio-shortcode\" id=\"audio-17-5\" preload=\"none\" style=\"width: 100%;\" controls=\"controls\"><source type=\"audio\/mpeg\" src=\"https:\/\/www.widemann.net\/wp-fr\/wp-content\/uploads\/2011\/02\/lesforges.mp3?_=5\" \/><a href=\"https:\/\/www.widemann.net\/wp-fr\/wp-content\/uploads\/2011\/02\/lesforges.mp3\">https:\/\/www.widemann.net\/wp-fr\/wp-content\/uploads\/2011\/02\/lesforges.mp3<\/a><\/audio><span class=\"tunecomment\">Compos\u00e9 par Benoit Widemann pour un \u00ab\u00a0son et lumi\u00e8re\u00a0\u00bb historique sur l\u2019Ari\u00e8ge.<\/span><\/div>\n<div class=\"tune\"><span class=\"tunename\"><strong>Elliot<\/strong> <em>(1991)<\/em><\/span><audio class=\"wp-audio-shortcode\" id=\"audio-17-6\" preload=\"none\" style=\"width: 100%;\" controls=\"controls\"><source type=\"audio\/mpeg\" src=\"https:\/\/www.widemann.net\/wp-fr\/wp-content\/uploads\/2011\/02\/elliot.mp3?_=6\" \/><a href=\"https:\/\/www.widemann.net\/wp-fr\/wp-content\/uploads\/2011\/02\/elliot.mp3\">https:\/\/www.widemann.net\/wp-fr\/wp-content\/uploads\/2011\/02\/elliot.mp3<\/a><\/audio><span class=\"tunecomment\">Extrait de l\u2019album <em>Blue\u00a0Scales<\/em>, th\u00e8me de <a href=\"http:\/\/www.kajdan.com\/\">Jean-Michel\u00a0Kajdan<\/a>.<\/span><\/div>\n<div class=\"tune\"><span class=\"tunename\"><strong>Blues Grises<\/strong> <em>(1991)<\/em><\/span><audio class=\"wp-audio-shortcode\" id=\"audio-17-7\" preload=\"none\" style=\"width: 100%;\" controls=\"controls\"><source type=\"audio\/mpeg\" src=\"https:\/\/www.widemann.net\/wp-fr\/wp-content\/uploads\/2011\/02\/bluesgrises.mp3?_=7\" \/><a href=\"https:\/\/www.widemann.net\/wp-fr\/wp-content\/uploads\/2011\/02\/bluesgrises.mp3\">https:\/\/www.widemann.net\/wp-fr\/wp-content\/uploads\/2011\/02\/bluesgrises.mp3<\/a><\/audio><span class=\"tunecomment\">1991 \u2014 \u00c9galement extrait de <em>Blue\u00a0Scales<\/em>, th\u00e8me de Benoit\u00a0Widemann.<\/span><\/div>\n<div class=\"tune\"><span class=\"tunename\"><strong>De la Presqu\u2019\u00eele aux \u00celes<\/strong> <em>(1988)<\/em><\/span><audio class=\"wp-audio-shortcode\" id=\"audio-17-8\" preload=\"none\" style=\"width: 100%;\" controls=\"controls\"><source type=\"audio\/mpeg\" src=\"https:\/\/www.widemann.net\/wp-fr\/wp-content\/uploads\/2011\/02\/delapresquile.mp3?_=8\" \/><a href=\"https:\/\/www.widemann.net\/wp-fr\/wp-content\/uploads\/2011\/02\/delapresquile.mp3\">https:\/\/www.widemann.net\/wp-fr\/wp-content\/uploads\/2011\/02\/delapresquile.mp3<\/a><\/audio><span class=\"tunecomment\">Compos\u00e9 par <a href=\"http:\/\/fr.wikipedia.org\/wiki\/Dan_Ar_Braz\">Dan\u00a0ar\u00a0Braz<\/a> dans <em>Septembre\u00a0Bleu<\/em>, parmi plusieurs albums de Dan o\u00f9 Benoit\u00a0Widemann joue les claviers.<\/span><\/div>\n<div class=\"tune\"><span class=\"tunename\"><strong>Alma Latina<\/strong> <em>(1982)<\/em><\/span><audio class=\"wp-audio-shortcode\" id=\"audio-17-9\" preload=\"none\" style=\"width: 100%;\" controls=\"controls\"><source type=\"audio\/mpeg\" src=\"https:\/\/www.widemann.net\/wp-fr\/wp-content\/uploads\/2011\/02\/almalatina.mp3?_=9\" \/><a href=\"https:\/\/www.widemann.net\/wp-fr\/wp-content\/uploads\/2011\/02\/almalatina.mp3\">https:\/\/www.widemann.net\/wp-fr\/wp-content\/uploads\/2011\/02\/almalatina.mp3<\/a><\/audio><span class=\"tunecomment\">Musique d\u2019Aldo\u00a0Romano, extrait de l\u2019album <em><a href=\"http:\/\/www.label-bleu.com\/artist.php?artist_id=72&amp;lng=f\">Alma\u00a0Latina<\/a><\/em>, qui \u00e9tait \u00e9galement le nom du groupe.<\/span><\/div>\n<div class=\"tune\"><span class=\"tunename\"><strong>Cadenza<\/strong> <em>(1982)<\/em><\/span><audio class=\"wp-audio-shortcode\" id=\"audio-17-10\" preload=\"none\" style=\"width: 100%;\" controls=\"controls\"><source type=\"audio\/mpeg\" src=\"https:\/\/www.widemann.net\/wp-fr\/wp-content\/uploads\/2011\/02\/cadenza.mp3?_=10\" \/><a href=\"https:\/\/www.widemann.net\/wp-fr\/wp-content\/uploads\/2011\/02\/cadenza.mp3\">https:\/\/www.widemann.net\/wp-fr\/wp-content\/uploads\/2011\/02\/cadenza.mp3<\/a><\/audio><span class=\"tunecomment\">\u00c9galement sur <em>Alma\u00a0Latina<\/em>, compos\u00e9 et interpr\u00e9t\u00e9 par Benoit\u00a0Widemann.<\/span><\/div>\n<div class=\"tune\"><span class=\"tunename\"><strong>GHK Go to Miles<\/strong> <em>(1981)<\/em><\/span><audio class=\"wp-audio-shortcode\" id=\"audio-17-11\" preload=\"none\" style=\"width: 100%;\" controls=\"controls\"><source type=\"audio\/mpeg\" src=\"https:\/\/www.widemann.net\/wp-fr\/wp-content\/uploads\/2011\/02\/ghkgotomiles.mp3?_=11\" \/><a href=\"https:\/\/www.widemann.net\/wp-fr\/wp-content\/uploads\/2011\/02\/ghkgotomiles.mp3\">https:\/\/www.widemann.net\/wp-fr\/wp-content\/uploads\/2011\/02\/ghkgotomiles.mp3<\/a><\/audio><span class=\"tunecomment\">Extrait de l\u2019album <em>Fusion<\/em>, avec Christian\u00a0Vander, Jannick\u00a0Top et Didier\u00a0Lockwood.<\/span><\/div>\n<div class=\"tune\"><span class=\"tunename\"><strong>Reliefs<\/strong> <em>(1981)<\/em><\/span><audio class=\"wp-audio-shortcode\" id=\"audio-17-12\" preload=\"none\" style=\"width: 100%;\" controls=\"controls\"><source type=\"audio\/mpeg\" src=\"https:\/\/www.widemann.net\/wp-fr\/wp-content\/uploads\/2011\/02\/reliefs.mp3?_=12\" \/><a href=\"https:\/\/www.widemann.net\/wp-fr\/wp-content\/uploads\/2011\/02\/reliefs.mp3\">https:\/\/www.widemann.net\/wp-fr\/wp-content\/uploads\/2011\/02\/reliefs.mp3<\/a><\/audio><span class=\"tunecomment\">Un autre extrait de <em>Fusion<\/em>.<\/span><\/div>\n<div class=\"tune\"><span class=\"tunename\"><strong>Hha\u00ef<\/strong> <em>(1981)<\/em><\/span><audio class=\"wp-audio-shortcode\" id=\"audio-17-13\" preload=\"none\" style=\"width: 100%;\" controls=\"controls\"><source type=\"audio\/mpeg\" src=\"https:\/\/www.widemann.net\/wp-fr\/wp-content\/uploads\/2011\/02\/hhai.mp3?_=13\" \/><a href=\"https:\/\/www.widemann.net\/wp-fr\/wp-content\/uploads\/2011\/02\/hhai.mp3\">https:\/\/www.widemann.net\/wp-fr\/wp-content\/uploads\/2011\/02\/hhai.mp3<\/a><\/audio><span class=\"tunecomment\">Extrait du &#8220;live&#8221; de <a href=\"http:\/\/www.seventhrecords.com\/\">Magma<\/a> <em>Concert\u00a0\u00e0\u00a0Bobino<\/em>, un solo partag\u00e9 avec le guitariste\u00a0Jean-Luc\u00a0Chevalier.<\/span><\/div>\n","protected":false},"excerpt":{"rendered":"<p>(en ordre chronologique invers\u00e9) Maison Klaus (2010)Un solo de Moog jou\u00e9 par Benoit\u00a0Widemann en concert avec Maison Klaus. Bl\u00fcm Tendiwa (2006)Th\u00e8me de Christian\u00a0Vander, arrang\u00e9 et interpr\u00e9t\u00e9 par Benoit\u00a0Widemann pour le projet \u201cHamtai\u201d. Primer Tango (2005)Sur l\u2019album d\u2019\u00c9ric\u00a0S\u00e9va, Folklores imaginaires (musique d\u2019\u00c9ric\u00a0S\u00e9va). Skunckadelic\u2019s (2004)Avec Alien\u00a0Quintet, un solo de Moog jou\u00e9 par Benoit\u00a0Widemann sur un th\u00e8me compos\u00e9 &hellip; <a href=\"https:\/\/widemann.net\/wp-fr\/dautres-musiques\/\" class=\"more-link\">Continue reading<span class=\"screen-reader-text\"> &#8220;D\u2019autres musiques&#8221;<\/span><\/a><\/p>\n","protected":false},"author":1,"featured_media":0,"parent":0,"menu_order":0,"comment_status":"closed","ping_status":"open","template":"","meta":{"footnotes":""},"class_list":["post-17","page","type-page","status-publish","hentry"],"_links":{"self":[{"href":"https:\/\/widemann.net\/wp-fr\/wp-json\/wp\/v2\/pages\/17","targetHints":{"allow":["GET"]}}],"collection":[{"href":"https:\/\/widemann.net\/wp-fr\/wp-json\/wp\/v2\/pages"}],"about":[{"href":"https:\/\/widemann.net\/wp-fr\/wp-json\/wp\/v2\/types\/page"}],"author":[{"embeddable":true,"href":"https:\/\/widemann.net\/wp-fr\/wp-json\/wp\/v2\/users\/1"}],"replies":[{"embeddable":true,"href":"https:\/\/widemann.net\/wp-fr\/wp-json\/wp\/v2\/comments?post=17"}],"version-history":[{"count":11,"href":"https:\/\/widemann.net\/wp-fr\/wp-json\/wp\/v2\/pages\/17\/revisions"}],"predecessor-version":[{"id":1898,"href":"https:\/\/widemann.net\/wp-fr\/wp-json\/wp\/v2\/pages\/17\/revisions\/1898"}],"wp:attachment":[{"href":"https:\/\/widemann.net\/wp-fr\/wp-json\/wp\/v2\/media?parent=17"}],"curies":[{"name":"wp","href":"https:\/\/api.w.org\/{rel}","templated":true}]}}