{"id":15,"date":"2011-02-26T17:08:56","date_gmt":"2011-02-26T16:08:56","guid":{"rendered":"http:\/\/www.widemann.net\/wp-fr\/?page_id=15"},"modified":"2021-03-26T12:16:47","modified_gmt":"2021-03-26T11:16:47","slug":"3-2","status":"publish","type":"page","link":"https:\/\/widemann.net\/wp-fr\/3-2\/","title":{"rendered":"\u201c3\u201d"},"content":{"rendered":"<p><img loading=\"lazy\" decoding=\"async\" width=\"1400\" height=\"1400\" src=\"https:\/\/widemann.net\/wp-fr\/wp-content\/uploads\/2021\/03\/Cover-3-front.jpg\" alt=\"\" class=\"alignnone size-full wp-image-1743\" style=\"width: 100%; max-width: 702px;\" srcset=\"https:\/\/widemann.net\/wp-fr\/wp-content\/uploads\/2021\/03\/Cover-3-front.jpg 1400w, https:\/\/widemann.net\/wp-fr\/wp-content\/uploads\/2021\/03\/Cover-3-front-300x300.jpg 300w, https:\/\/widemann.net\/wp-fr\/wp-content\/uploads\/2021\/03\/Cover-3-front-1024x1024.jpg 1024w, https:\/\/widemann.net\/wp-fr\/wp-content\/uploads\/2021\/03\/Cover-3-front-150x150.jpg 150w, https:\/\/widemann.net\/wp-fr\/wp-content\/uploads\/2021\/03\/Cover-3-front-768x768.jpg 768w, https:\/\/widemann.net\/wp-fr\/wp-content\/uploads\/2021\/03\/Cover-3-front-1200x1200.jpg 1200w\" sizes=\"auto, (max-width: 709px) 85vw, (max-width: 909px) 67vw, (max-width: 1362px) 62vw, 840px\" \/><\/p>\n<p><iframe style=\"border: 0; width: 100%; height: 406px;\" src=\"https:\/\/bandcamp.com\/EmbeddedPlayer\/album=456557066\/size=large\/bgcol=ffffff\/linkcol=008998\/artwork=none\/transparent=true\/\" seamless><a href=\"https:\/\/benoitwidemann.bandcamp.com\/album\/3\">3 by Benoit Widemann<\/a><\/iframe><\/p>\n<div class=\"musicians-wrapper\">\n<table class=\"mustable\">\n<tbody>\n<tr>\n<td class=\"cell33\"><span class=\"musname\">Benoit Widemann<\/span><\/td>\n<\/tr>\n<tr>\n<td class=\"cellimage\"><img decoding=\"async\" src=\"http:\/\/www.widemann.net\/wp-fr\/wp-content\/uploads\/2011\/02\/bw3.jpg\" alt=\"Benoit Widemann\" \/><\/td>\n<\/tr>\n<tr>\n<td class=\"cellinstrument\"><span class=\"instrument\">piano acoustique, piano Fender, Minimoog, Memorymoog, synth\u00e9tiseurs Oberheim et Prophet V<\/span><\/td>\n<\/tr>\n<\/tbody>\n<\/table>\n<table class=\"mustable\">\n<tbody>\n<tr>\n<td class=\"cell33\"><span class=\"musname\">Kirt Rust<\/span><\/td>\n<td class=\"cell33\"><span class=\"musname\">Fran\u00e7ois Laizeau<\/span><\/td>\n<\/tr>\n<tr>\n<td class=\"cellimage\"><img decoding=\"async\" src=\"http:\/\/www.widemann.net\/wp-fr\/wp-content\/uploads\/2011\/02\/kirtrust.jpg\" alt=\"Kirt Rust\" \/><\/td>\n<td class=\"cellimage\"><img decoding=\"async\" src=\"http:\/\/www.widemann.net\/wp-fr\/wp-content\/uploads\/2011\/02\/francoislaizeau.jpg\" alt=\"Fran\u00e7ois Laizeau\" \/><\/td>\n<\/tr>\n<tr>\n<td class=\"cellinstrument\"><span class=\"instrument\">batterie (sur 1 et 2)<\/span><\/td>\n<td class=\"cellinstrument\"><span class=\"instrument\">batterie (sur 3, 4, 5 et 6)<\/span><\/td>\n<\/tr>\n<\/tbody>\n<\/table>\n<table class=\"mustable\">\n<tbody>\n<tr>\n<td class=\"cell50\"><span class=\"musname\">Sylvin Marc<\/span><\/td>\n<td class=\"cell50\"><span class=\"musname\">Dominique Bertram<\/span><\/td>\n<\/tr>\n<tr>\n<td class=\"cellimage\"><img decoding=\"async\" src=\"http:\/\/www.widemann.net\/wp-fr\/wp-content\/uploads\/2011\/02\/sylvinmarc.jpg\" alt=\"Sylvin Marc\" \/><\/td>\n<td class=\"cellimage\"><img decoding=\"async\" src=\"http:\/\/www.widemann.net\/wp-fr\/wp-content\/uploads\/2011\/02\/dominicbertram.jpg\" alt=\"Dominique Bertram\" \/><\/td>\n<\/tr>\n<tr>\n<td class=\"cellinstrument\"><span class=\"instrument\">basse (sur 1, 2, 5 et 6)<\/span><\/td>\n<td class=\"cellinstrument\"><span class=\"instrument\">basse (sur 3 et 4)<\/span><\/td>\n<\/tr>\n<\/tbody>\n<\/table>\n<\/div>\n<p>et<\/p>\n<p><span class=\"musname2\">Gilles\u00a0Perrin<\/span> : percussions (sur 2 et 5)<br \/>\n<span class=\"musname2\">Jean-Bernard\u00a0Pl\u00e9<\/span> : prise de son<br \/>\n&nbsp;<br \/>\nToutes les compositions par Benoit Widemann, sauf :<br \/>\n2 par Sylvin Marc, 6 par J.-P. Fouquey<br \/>\nEnregistr\u00e9 en 1982 au studio Davout, Paris.<br \/>\nMixage par Benoit\u00a0Widemann et Jean-Bernard\u00a0Pl\u00e9.<br \/>\nPochette\u00a0: Fury<br \/>\nPhotos\u00a0: X<br \/>\nProduction\u00a0: Yves\u00a0Chamberland<br \/>\nPubli\u00e9 initialement en 1984 sur le label d\u2019Yves <em>CY Records<\/em> (Musidisc) sous la r\u00e9f\u00e9rence 733614.<br \/>\nNum\u00e9ris\u00e9 en 2005 par Ludovic\u00a0Lanen.<br \/>\nRemerciements particuliers \u00e0\u00a0: Jacqueline\u00a0Ferrari, Christian\u00a0Vander, Yves\u00a0Chamberland et toutes les personnes impliqu\u00e9es dans ce projet.<\/p>\n<p>Republi\u00e9 en CD par Disk Union en 2009 sous la r\u00e9f\u00e9rence TGCS-5549 (\u00e9puis\u00e9).<br \/>\n\u201cBonus track\u201d sur le CD : <em>The Seventh Sight<\/em>, avec <span class=\"musname\">Jean-Michel Kajdan<\/span> (guitare).<\/p>\n<hr \/>\n<p><a id=\"download\"><\/a><em>\u201cStress !\u201d, \u201cTsunami\u201d et \u201c3\u201d sont disponibles en t\u00e9l\u00e9chargement et en streaming.<\/em><\/p>\n<p><a href=\"https:\/\/benoitwidemann.bandcamp.com\/\"><img loading=\"lazy\" decoding=\"async\" class=\"aligncenter wp-image-468 size-full\" title=\"albums\" src=\"https:\/\/widemann.net\/wp-fr\/wp-content\/uploads\/2011\/07\/albums.png\" alt=\"Albums\" width=\"355\" height=\"114\" srcset=\"https:\/\/widemann.net\/wp-fr\/wp-content\/uploads\/2011\/07\/albums.png 355w, https:\/\/widemann.net\/wp-fr\/wp-content\/uploads\/2011\/07\/albums-300x96.png 300w\" sizes=\"auto, (max-width: 355px) 85vw, 355px\" \/><\/a><\/p>\n<div class=\"streamProviders\">\n<ul>\n<li><a href=\"https:\/\/benoitwidemann.bandcamp.com\/\"><img loading=\"lazy\" decoding=\"async\" src=\"https:\/\/widemann.net\/wp-fr\/wp-content\/uploads\/2021\/03\/bandcamp.jpg\" alt=\"\" width=\"119\" height=\"40\" class=\"alignnone size-full wp-image-1728\" \/><\/a><\/li>\n<li><a href=\"https:\/\/music.apple.com\/fr\/artist\/benoit-widemann\/1208769746\"><img loading=\"lazy\" decoding=\"async\" class=\"alignnone wp-image-1446 size-full\" src=\"https:\/\/widemann.net\/wp-fr\/wp-content\/uploads\/2011\/09\/applemusic.png\" alt=\"\" width=\"110\" height=\"40\" \/><\/a><\/li>\n<li><a href=\"https:\/\/open.spotify.com\/artist\/1IH5yZptENfuUw6NuwVIVJ\"><img loading=\"lazy\" decoding=\"async\" class=\"alignnone size-full wp-image-1447\" src=\"https:\/\/widemann.net\/wp-fr\/wp-content\/uploads\/2011\/09\/spotify.png\" alt=\"\" width=\"110\" height=\"42\" \/><\/a><\/li>\n<li><a href=\"https:\/\/www.deezer.com\/artist\/1366594\"><img loading=\"lazy\" decoding=\"async\" class=\"alignnone size-full wp-image-1448\" src=\"https:\/\/widemann.net\/wp-fr\/wp-content\/uploads\/2011\/09\/deezer.png\" alt=\"\" width=\"110\" height=\"39\" \/><\/a><\/li>\n<li><a href=\"https:\/\/www.amazon.fr\/s\/ref=sr_nr_p_lbr_music_artists__0?keywords=benoit+widemann&amp;ie=UTF8\"><img loading=\"lazy\" decoding=\"async\" class=\"alignnone size-full wp-image-1449\" src=\"https:\/\/widemann.net\/wp-fr\/wp-content\/uploads\/2011\/09\/amazon.png\" alt=\"\" width=\"110\" height=\"42\" \/><\/a><\/li>\n<li><em>&#8230; et tous les autres.<\/em><\/li>\n<\/ul>\n<\/div>\n<div style=\"clear: both;\"><\/div>\n","protected":false},"excerpt":{"rendered":"<p>3 by Benoit Widemann Benoit Widemann piano acoustique, piano Fender, Minimoog, Memorymoog, synth\u00e9tiseurs Oberheim et Prophet V Kirt Rust Fran\u00e7ois Laizeau batterie (sur 1 et 2) batterie (sur 3, 4, 5 et 6) Sylvin Marc Dominique Bertram basse (sur 1, 2, 5 et 6) basse (sur 3 et 4) et Gilles\u00a0Perrin : percussions (sur 2 &hellip; <a href=\"https:\/\/widemann.net\/wp-fr\/3-2\/\" class=\"more-link\">Continue reading<span class=\"screen-reader-text\"> &#8220;\u201c3\u201d&#8221;<\/span><\/a><\/p>\n","protected":false},"author":1,"featured_media":0,"parent":0,"menu_order":0,"comment_status":"closed","ping_status":"open","template":"","meta":{"footnotes":""},"class_list":["post-15","page","type-page","status-publish","hentry"],"_links":{"self":[{"href":"https:\/\/widemann.net\/wp-fr\/wp-json\/wp\/v2\/pages\/15","targetHints":{"allow":["GET"]}}],"collection":[{"href":"https:\/\/widemann.net\/wp-fr\/wp-json\/wp\/v2\/pages"}],"about":[{"href":"https:\/\/widemann.net\/wp-fr\/wp-json\/wp\/v2\/types\/page"}],"author":[{"embeddable":true,"href":"https:\/\/widemann.net\/wp-fr\/wp-json\/wp\/v2\/users\/1"}],"replies":[{"embeddable":true,"href":"https:\/\/widemann.net\/wp-fr\/wp-json\/wp\/v2\/comments?post=15"}],"version-history":[{"count":31,"href":"https:\/\/widemann.net\/wp-fr\/wp-json\/wp\/v2\/pages\/15\/revisions"}],"predecessor-version":[{"id":1767,"href":"https:\/\/widemann.net\/wp-fr\/wp-json\/wp\/v2\/pages\/15\/revisions\/1767"}],"wp:attachment":[{"href":"https:\/\/widemann.net\/wp-fr\/wp-json\/wp\/v2\/media?parent=15"}],"curies":[{"name":"wp","href":"https:\/\/api.w.org\/{rel}","templated":true}]}}