{"id":13,"date":"2011-02-26T17:08:41","date_gmt":"2011-02-26T16:08:41","guid":{"rendered":"http:\/\/www.widemann.net\/wp-fr\/?page_id=13"},"modified":"2024-09-21T18:22:06","modified_gmt":"2024-09-21T17:22:06","slug":"tsunami","status":"publish","type":"page","link":"https:\/\/widemann.net\/wp-fr\/tsunami\/","title":{"rendered":"Tsunami"},"content":{"rendered":"<h3 style=\"text-align: right;\"><a href=\"https:\/\/guerssen.com\/product\/tsunami\/\">R\u00e9\u00e9dition vinyle disponible !<\/a><\/h3>\n<p><img loading=\"lazy\" decoding=\"async\" width=\"1200\" height=\"1200\" src=\"https:\/\/widemann.net\/wp-fr\/wp-content\/uploads\/2021\/03\/a3790518042_10.jpg\" alt=\"\" class=\"alignnone size-full wp-image-1746\" style=\"width: 100%; max-width: 702px;\" srcset=\"https:\/\/widemann.net\/wp-fr\/wp-content\/uploads\/2021\/03\/a3790518042_10.jpg 1200w, https:\/\/widemann.net\/wp-fr\/wp-content\/uploads\/2021\/03\/a3790518042_10-300x300.jpg 300w, https:\/\/widemann.net\/wp-fr\/wp-content\/uploads\/2021\/03\/a3790518042_10-1024x1024.jpg 1024w, https:\/\/widemann.net\/wp-fr\/wp-content\/uploads\/2021\/03\/a3790518042_10-150x150.jpg 150w, https:\/\/widemann.net\/wp-fr\/wp-content\/uploads\/2021\/03\/a3790518042_10-768x768.jpg 768w\" sizes=\"auto, (max-width: 709px) 85vw, (max-width: 909px) 67vw, (max-width: 1362px) 62vw, 840px\" \/><\/p>\n<p><iframe style=\"border: 0; width: 100%; height: 340px;\" src=\"https:\/\/bandcamp.com\/EmbeddedPlayer\/album=887135823\/size=large\/bgcol=ffffff\/linkcol=008998\/artwork=none\/transparent=true\/\" seamless><a href=\"https:\/\/benoitwidemann.bandcamp.com\/album\/tsunami\">Tsunami by Benoit Widemann<\/a><\/iframe><\/p>\n<div class=\"musicians-wrapper\">\n<table class=\"mustable\">\n<tbody>\n<tr>\n<td class=\"cell33\"><span class=\"musname\">Benoit Widemann<\/span><\/td>\n<\/tr>\n<tr>\n<td class=\"cellimage\"><img decoding=\"async\" src=\"https:\/\/www.widemann.net\/wp-fr\/wp-content\/uploads\/2011\/02\/bw2.jpg\" alt=\"Benoit Widemann\" \/><\/td>\n<\/tr>\n<tr>\n<td class=\"cellinstrument\"><span class=\"instrument\">piano acoustique, piano Fender, synth\u00e9tiseurs Moog et Oberheim<\/span><\/td>\n<\/tr>\n<\/tbody>\n<\/table>\n<table class=\"mustable\">\n<tbody>\n<tr>\n<td class=\"cell33\"><span class=\"musname\">Jean-Pierre Fouquey<\/span><\/td>\n<td class=\"cell33\"><span class=\"musname\">Gilbert Dall\u2019Anese<\/span><\/td>\n<\/tr>\n<tr>\n<td class=\"cellimage\"><img decoding=\"async\" src=\"https:\/\/www.widemann.net\/wp-fr\/wp-content\/uploads\/2011\/02\/jpfouquey2.jpg\" alt=\"Jean-Pierre Fouquey\" \/><\/td>\n<td class=\"cellimage\"><img decoding=\"async\" src=\"https:\/\/www.widemann.net\/wp-fr\/wp-content\/uploads\/2011\/02\/gilbertdallanese.jpg\" alt=\"Gilbert Dall\u2019Anese\" \/><\/td>\n<\/tr>\n<tr>\n<td class=\"cellinstrument\"><span class=\"instrument\">piano acoustique, piano Fender, synth\u00e9tiseurs Moog et Oberheim<\/span><\/td>\n<td class=\"cellinstrument\"><span class=\"instrument\">saxophones soprano, t\u00e9nor et baryton<\/span><\/td>\n<\/tr>\n<\/tbody>\n<\/table>\n<table class=\"mustable\">\n<tbody>\n<tr>\n<td class=\"cell50\"><span class=\"musname\">R\u00e9my Dall\u2019Anese<\/span><\/td>\n<td class=\"cell50\"><span class=\"musname\">Jean-Paul Ceccarelli<\/span><\/td>\n<\/tr>\n<tr>\n<td class=\"cellimage\"><img decoding=\"async\" src=\"https:\/\/www.widemann.net\/wp-fr\/wp-content\/uploads\/2011\/02\/remidallanese.jpg\" alt=\"R\u00e9my Dall\u2019Anese\" \/><\/td>\n<td class=\"cellimage\"><img decoding=\"async\" src=\"https:\/\/www.widemann.net\/wp-fr\/wp-content\/uploads\/2011\/02\/jpceccarelli.jpg\" alt=\"Jean-Paul Ceccarelli\" \/><\/td>\n<\/tr>\n<tr>\n<td class=\"cellinstrument\"><span class=\"instrument\">basse<\/span><\/td>\n<td class=\"cellinstrument\"><span class=\"instrument\">batterie, percussions<\/span><\/td>\n<\/tr>\n<\/tbody>\n<\/table>\n<\/div>\n<p>et<\/p>\n<p><span class=\"musname2\">Andr\u00e9 Ceccarelli<\/span> : extincteur sur \u201cDes \u00eeles\u201d, percussions<br \/>\n<span class=\"musname2\">Bruno Menny<\/span> : prise de son<br \/>\n<span class=\"musname2\">Katrin Schaub<\/span> : illustration et pochette<br \/>\n<span class=\"musname2\">Lionel G\u00e9ly<\/span> : assistance num\u00e9rique, programmation du kit Motorola<\/p>\n<p>Toutes les compositions par Benoit Widemann, sauf:<br \/>\n4 par Gilbert d&#8217;All Anese et 5 par J.-P. Fouquey<br \/>\nEnregistr\u00e9 entre mars et mai 1979 au studio du Ch\u00e2teau d\u2019H\u00e9rouville, France.<br \/>\nEnregistr\u00e9 et mix\u00e9 par Bruno\u00a0Menny et Beno\u00eet\u00a0Widemann.<br \/>\nPhotos\u00a0: X<br \/>\nModifications des Moog et Oberheim\u00a0: Ruben Fernandez, Michel Doidic<br \/>\nProduit par Beno\u00eet Widemann, Le Ch\u00e2teau et Hugues de Courson.<br \/>\nPubli\u00e9 initialement sur le label d\u2019Hugues <em>Ballon Noir<\/em> (CBS), sous la r\u00e9f\u00e9rence BAL13014.<br \/>\nR\u00e9\u00e9dit\u00e9 en LP vinyle sur le label <a href=\"https:\/\/guerssen.com\/product\/tsunami\/\">Guerssen<\/a><\/p>\n<hr \/>\n<p><a id=\"download\"><\/a><em>\u201cStress !\u201d, \u201cTsunami\u201d et \u201c3\u201d sont disponibles en t\u00e9l\u00e9chargement et en streaming.<\/em><\/p>\n<p><a href=\"https:\/\/benoitwidemann.bandcamp.com\/\"><img loading=\"lazy\" decoding=\"async\" class=\"aligncenter wp-image-468 size-full\" title=\"albums\" src=\"https:\/\/widemann.net\/wp-fr\/wp-content\/uploads\/2011\/07\/albums.png\" alt=\"Albums\" width=\"355\" height=\"114\" srcset=\"https:\/\/widemann.net\/wp-fr\/wp-content\/uploads\/2011\/07\/albums.png 355w, https:\/\/widemann.net\/wp-fr\/wp-content\/uploads\/2011\/07\/albums-300x96.png 300w\" sizes=\"auto, (max-width: 355px) 85vw, 355px\" \/><\/a><\/p>\n<div class=\"streamProviders\">\n<ul>\n<li><a href=\"https:\/\/benoitwidemann.bandcamp.com\/\"><img loading=\"lazy\" decoding=\"async\" src=\"https:\/\/widemann.net\/wp-fr\/wp-content\/uploads\/2021\/03\/bandcamp.jpg\" alt=\"\" width=\"119\" height=\"40\" class=\"alignnone size-full wp-image-1728\" \/><\/a><\/li>\n<li><a href=\"https:\/\/music.apple.com\/fr\/artist\/benoit-widemann\/1208769746\"><img loading=\"lazy\" decoding=\"async\" class=\"alignnone wp-image-1446 size-full\" src=\"https:\/\/widemann.net\/wp-fr\/wp-content\/uploads\/2011\/09\/applemusic.png\" alt=\"\" width=\"110\" height=\"40\" \/><\/a><\/li>\n<li><a href=\"https:\/\/open.spotify.com\/artist\/1IH5yZptENfuUw6NuwVIVJ\"><img loading=\"lazy\" decoding=\"async\" class=\"alignnone size-full wp-image-1447\" src=\"https:\/\/widemann.net\/wp-fr\/wp-content\/uploads\/2011\/09\/spotify.png\" alt=\"\" width=\"110\" height=\"42\" \/><\/a><\/li>\n<li><a href=\"https:\/\/www.deezer.com\/artist\/1366594\"><img loading=\"lazy\" decoding=\"async\" class=\"alignnone size-full wp-image-1448\" src=\"https:\/\/widemann.net\/wp-fr\/wp-content\/uploads\/2011\/09\/deezer.png\" alt=\"\" width=\"110\" height=\"39\" \/><\/a><\/li>\n<li><a href=\"https:\/\/www.amazon.fr\/s\/ref=sr_nr_p_lbr_music_artists__0?keywords=benoit+widemann&amp;ie=UTF8\"><img loading=\"lazy\" decoding=\"async\" class=\"alignnone size-full wp-image-1449\" src=\"https:\/\/widemann.net\/wp-fr\/wp-content\/uploads\/2011\/09\/amazon.png\" alt=\"\" width=\"110\" height=\"42\" \/><\/a><\/li>\n<li><em>&#8230; et tous les autres.<\/em><\/li>\n<\/ul>\n<\/div>\n<div style=\"clear: both;\"><\/div>\n","protected":false},"excerpt":{"rendered":"<p>R\u00e9\u00e9dition vinyle disponible ! Tsunami by Benoit Widemann Benoit Widemann piano acoustique, piano Fender, synth\u00e9tiseurs Moog et Oberheim Jean-Pierre Fouquey Gilbert Dall\u2019Anese piano acoustique, piano Fender, synth\u00e9tiseurs Moog et Oberheim saxophones soprano, t\u00e9nor et baryton R\u00e9my Dall\u2019Anese Jean-Paul Ceccarelli basse batterie, percussions et Andr\u00e9 Ceccarelli : extincteur sur \u201cDes \u00eeles\u201d, percussions Bruno Menny : prise &hellip; <a href=\"https:\/\/widemann.net\/wp-fr\/tsunami\/\" class=\"more-link\">Continue reading<span class=\"screen-reader-text\"> &#8220;Tsunami&#8221;<\/span><\/a><\/p>\n","protected":false},"author":1,"featured_media":0,"parent":0,"menu_order":0,"comment_status":"closed","ping_status":"open","template":"","meta":{"footnotes":""},"class_list":["post-13","page","type-page","status-publish","hentry"],"_links":{"self":[{"href":"https:\/\/widemann.net\/wp-fr\/wp-json\/wp\/v2\/pages\/13","targetHints":{"allow":["GET"]}}],"collection":[{"href":"https:\/\/widemann.net\/wp-fr\/wp-json\/wp\/v2\/pages"}],"about":[{"href":"https:\/\/widemann.net\/wp-fr\/wp-json\/wp\/v2\/types\/page"}],"author":[{"embeddable":true,"href":"https:\/\/widemann.net\/wp-fr\/wp-json\/wp\/v2\/users\/1"}],"replies":[{"embeddable":true,"href":"https:\/\/widemann.net\/wp-fr\/wp-json\/wp\/v2\/comments?post=13"}],"version-history":[{"count":33,"href":"https:\/\/widemann.net\/wp-fr\/wp-json\/wp\/v2\/pages\/13\/revisions"}],"predecessor-version":[{"id":1865,"href":"https:\/\/widemann.net\/wp-fr\/wp-json\/wp\/v2\/pages\/13\/revisions\/1865"}],"wp:attachment":[{"href":"https:\/\/widemann.net\/wp-fr\/wp-json\/wp\/v2\/media?parent=13"}],"curies":[{"name":"wp","href":"https:\/\/api.w.org\/{rel}","templated":true}]}}