{"id":11,"date":"2011-02-26T17:08:27","date_gmt":"2011-02-26T16:08:27","guid":{"rendered":"http:\/\/www.widemann.net\/wp-fr\/?page_id=11"},"modified":"2024-09-21T18:23:43","modified_gmt":"2024-09-21T17:23:43","slug":"stress","status":"publish","type":"page","link":"https:\/\/widemann.net\/wp-fr\/stress\/","title":{"rendered":"Stress\u00a0!"},"content":{"rendered":"<h3 style=\"text-align: right;\"><a href=\"https:\/\/svartrecords.com\/en\/product\/benoit-widemann-stress\/1636335\">R\u00e9\u00e9dition vinyle disponible !<\/a><\/h3>\n<p><img loading=\"lazy\" decoding=\"async\" width=\"1200\" height=\"1200\" class=\"alignnone size-full wp-image-1748\" style=\"width: 100%; max-width: 702px;\" src=\"https:\/\/widemann.net\/wp-fr\/wp-content\/uploads\/2021\/03\/a1506145307_10.jpg\" alt=\"\" srcset=\"https:\/\/widemann.net\/wp-fr\/wp-content\/uploads\/2021\/03\/a1506145307_10.jpg 1200w, https:\/\/widemann.net\/wp-fr\/wp-content\/uploads\/2021\/03\/a1506145307_10-300x300.jpg 300w, https:\/\/widemann.net\/wp-fr\/wp-content\/uploads\/2021\/03\/a1506145307_10-1024x1024.jpg 1024w, https:\/\/widemann.net\/wp-fr\/wp-content\/uploads\/2021\/03\/a1506145307_10-150x150.jpg 150w, https:\/\/widemann.net\/wp-fr\/wp-content\/uploads\/2021\/03\/a1506145307_10-768x768.jpg 768w\" sizes=\"auto, (max-width: 709px) 85vw, (max-width: 909px) 67vw, (max-width: 1362px) 62vw, 840px\" \/><\/p>\n<p><iframe style=\"border: 0; width: 100%; height: 472px;\" src=\"https:\/\/bandcamp.com\/EmbeddedPlayer\/album=2009525204\/size=large\/bgcol=ffffff\/linkcol=008998\/artwork=none\/transparent=true\/\" seamless=\"\"><a href=\"https:\/\/benoitwidemann.bandcamp.com\/album\/stress\">Stress! by Benoit Widemann<\/a><\/iframe><\/p>\n<div class=\"musicians-wrapper\">\n<table class=\"mustable\">\n<tbody>\n<tr>\n<td class=\"cell33\"><span class=\"musname\">Benoit Widemann<\/span><\/td>\n<\/tr>\n<tr>\n<td class=\"cellimage\"><img decoding=\"async\" src=\"https:\/\/www.widemann.net\/wp-fr\/wp-content\/uploads\/2011\/02\/benoitwidemann.jpg\" alt=\"Benoit Widemann\" \/><\/td>\n<\/tr>\n<tr>\n<td class=\"cellinstrument\"><span class=\"instrument\">piano acoustique, piano Fender, synth\u00e9tiseurs Moog et Oberheim<\/span><\/td>\n<\/tr>\n<\/tbody>\n<\/table>\n<table class=\"mustable\">\n<tbody>\n<tr>\n<td class=\"cell33\"><span class=\"musname\">Cl\u00e9ment Bailly<\/span><\/td>\n<td class=\"cell33\"><span class=\"musname\">Guy\u00a0Delacroix<\/span><\/td>\n<\/tr>\n<tr>\n<td class=\"cellimage\"><img decoding=\"async\" src=\"https:\/\/www.widemann.net\/wp-fr\/wp-content\/uploads\/2011\/02\/clementbailly.jpg\" alt=\"Cl\u00e9ment Bailly\" \/><\/td>\n<td class=\"cellimage\"><img decoding=\"async\" src=\"https:\/\/www.widemann.net\/wp-fr\/wp-content\/uploads\/2011\/02\/guydelacroix.jpg\" alt=\"Guy Delacroix\" \/><\/td>\n<\/tr>\n<tr>\n<td class=\"cellinstrument\"><span class=\"instrument\">batterie,\u00a0percussions, timbales<\/span><\/td>\n<td class=\"cellinstrument\"><span class=\"instrument\">basse<\/span><\/td>\n<\/tr>\n<\/tbody>\n<\/table>\n<table class=\"mustable\">\n<tbody>\n<tr>\n<td class=\"cell50\"><span class=\"musname\">Patrick Gauthier<\/span><\/td>\n<td class=\"cell50\"><span class=\"musname\">Jean-Pierre Fouquey<\/span><\/td>\n<\/tr>\n<tr>\n<td class=\"cellimage\"><img decoding=\"async\" src=\"https:\/\/www.widemann.net\/wp-fr\/wp-content\/uploads\/2011\/02\/patrickgauthier.jpg\" alt=\"Patrick Gauthier\" \/><\/td>\n<td class=\"cellimage\"><img decoding=\"async\" src=\"https:\/\/www.widemann.net\/wp-fr\/wp-content\/uploads\/2011\/02\/jeanpierrefouquey.jpg\" alt=\"Jean-Pierre Fouquey\" \/><\/td>\n<\/tr>\n<tr>\n<td class=\"cellinstrument\"><span class=\"instrument\">Minimoog<\/span><\/td>\n<td class=\"cellinstrument\"><span class=\"instrument\">Oberheim Polyphonic Synthesizer<\/span><\/td>\n<\/tr>\n<\/tbody>\n<\/table>\n<\/div>\n<p>et<\/p>\n<p><span class=\"musname2\">Patrice Tison<\/span> : guitare<br \/>\n<span class=\"musname2\">Bruno Menny<\/span> : Rythmus System, prise de son et mixage<br \/>\n<span class=\"musname2\">Emmanuelle Parrenin<\/span> : ch\u0153urs<br \/>\n<span class=\"musname2\">Hugues de Courson<\/span> : ch\u0153urs<\/p>\n<p>Toutes les compositions par Benoit Widemann, sauf :<br \/>\n1 par Cl\u00e9ment Bailly, 4 par Guy Delacroix<\/p>\n<p>Enregistr\u00e9 pendant l\u2019\u00e9t\u00e9 1977 au studio Acousti, Paris.<br \/>\nPochette : Fran\u00e7ois Allot<br \/>\nPhotos : X<br \/>\nProduction : Hugues de Courson<br \/>\nPubli\u00e9 initialement sur le label <em>Ballon Noir<\/em> (CBS), sous la r\u00e9f\u00e9rence BAL13002<br \/>\nR\u00e9\u00e9dit\u00e9 en vinyle LP et en CD par <a href=\"https:\/\/svartrecords.com\/en\/product\/benoit-widemann-stress\/1636335\">Svart Records<\/a><\/p>\n<hr \/>\n<p><a id=\"download\"><\/a><em>\u201cStress !\u201d, \u201cTsunami\u201d et \u201c3\u201d sont disponibles en t\u00e9l\u00e9chargement et en streaming.<\/em><\/p>\n<p><a href=\"https:\/\/benoitwidemann.bandcamp.com\/\"><img loading=\"lazy\" decoding=\"async\" class=\"aligncenter wp-image-468 size-full\" title=\"albums\" src=\"https:\/\/widemann.net\/wp-fr\/wp-content\/uploads\/2011\/07\/albums.png\" alt=\"Albums\" width=\"355\" height=\"114\" srcset=\"https:\/\/widemann.net\/wp-fr\/wp-content\/uploads\/2011\/07\/albums.png 355w, https:\/\/widemann.net\/wp-fr\/wp-content\/uploads\/2011\/07\/albums-300x96.png 300w\" sizes=\"auto, (max-width: 355px) 85vw, 355px\" \/><\/a><\/p>\n<div class=\"streamProviders\">\n<ul>\n<li><a href=\"https:\/\/benoitwidemann.bandcamp.com\/\"><img loading=\"lazy\" decoding=\"async\" class=\"alignnone size-full wp-image-1728\" src=\"https:\/\/widemann.net\/wp-fr\/wp-content\/uploads\/2021\/03\/bandcamp.jpg\" alt=\"\" width=\"119\" height=\"40\" \/><\/a><\/li>\n<li><a href=\"https:\/\/music.apple.com\/fr\/artist\/benoit-widemann\/1208769746\"><img loading=\"lazy\" decoding=\"async\" class=\"alignnone wp-image-1446 size-full\" src=\"https:\/\/widemann.net\/wp-fr\/wp-content\/uploads\/2011\/09\/applemusic.png\" alt=\"\" width=\"110\" height=\"40\" \/><\/a><\/li>\n<li><a href=\"https:\/\/open.spotify.com\/artist\/1IH5yZptENfuUw6NuwVIVJ\"><img loading=\"lazy\" decoding=\"async\" class=\"alignnone size-full wp-image-1447\" src=\"https:\/\/widemann.net\/wp-fr\/wp-content\/uploads\/2011\/09\/spotify.png\" alt=\"\" width=\"110\" height=\"42\" \/><\/a><\/li>\n<li><a href=\"https:\/\/www.deezer.com\/artist\/1366594\"><img loading=\"lazy\" decoding=\"async\" class=\"alignnone size-full wp-image-1448\" src=\"https:\/\/widemann.net\/wp-fr\/wp-content\/uploads\/2011\/09\/deezer.png\" alt=\"\" width=\"110\" height=\"39\" \/><\/a><\/li>\n<li><a href=\"https:\/\/www.amazon.fr\/s\/ref=sr_nr_p_lbr_music_artists__0?keywords=benoit+widemann&amp;ie=UTF8\"><img loading=\"lazy\" decoding=\"async\" class=\"alignnone size-full wp-image-1449\" src=\"https:\/\/widemann.net\/wp-fr\/wp-content\/uploads\/2011\/09\/amazon.png\" alt=\"\" width=\"110\" height=\"42\" \/><\/a><\/li>\n<li><em>&#8230; et tous les autres.<\/em><\/li>\n<\/ul>\n<\/div>\n<div style=\"clear: both;\"><\/div>\n","protected":false},"excerpt":{"rendered":"<p>R\u00e9\u00e9dition vinyle disponible ! Stress! by Benoit Widemann Benoit Widemann piano acoustique, piano Fender, synth\u00e9tiseurs Moog et Oberheim Cl\u00e9ment Bailly Guy\u00a0Delacroix batterie,\u00a0percussions, timbales basse Patrick Gauthier Jean-Pierre Fouquey Minimoog Oberheim Polyphonic Synthesizer et Patrice Tison : guitare Bruno Menny : Rythmus System, prise de son et mixage Emmanuelle Parrenin : ch\u0153urs Hugues de Courson : &hellip; <a href=\"https:\/\/widemann.net\/wp-fr\/stress\/\" class=\"more-link\">Continue reading<span class=\"screen-reader-text\"> &#8220;Stress\u00a0!&#8221;<\/span><\/a><\/p>\n","protected":false},"author":1,"featured_media":0,"parent":0,"menu_order":0,"comment_status":"closed","ping_status":"closed","template":"","meta":{"footnotes":""},"class_list":["post-11","page","type-page","status-publish","hentry"],"_links":{"self":[{"href":"https:\/\/widemann.net\/wp-fr\/wp-json\/wp\/v2\/pages\/11","targetHints":{"allow":["GET"]}}],"collection":[{"href":"https:\/\/widemann.net\/wp-fr\/wp-json\/wp\/v2\/pages"}],"about":[{"href":"https:\/\/widemann.net\/wp-fr\/wp-json\/wp\/v2\/types\/page"}],"author":[{"embeddable":true,"href":"https:\/\/widemann.net\/wp-fr\/wp-json\/wp\/v2\/users\/1"}],"replies":[{"embeddable":true,"href":"https:\/\/widemann.net\/wp-fr\/wp-json\/wp\/v2\/comments?post=11"}],"version-history":[{"count":41,"href":"https:\/\/widemann.net\/wp-fr\/wp-json\/wp\/v2\/pages\/11\/revisions"}],"predecessor-version":[{"id":1866,"href":"https:\/\/widemann.net\/wp-fr\/wp-json\/wp\/v2\/pages\/11\/revisions\/1866"}],"wp:attachment":[{"href":"https:\/\/widemann.net\/wp-fr\/wp-json\/wp\/v2\/media?parent=11"}],"curies":[{"name":"wp","href":"https:\/\/api.w.org\/{rel}","templated":true}]}}